{"id":2569,"date":"2021-11-22T16:17:31","date_gmt":"2021-11-22T15:17:31","guid":{"rendered":"http:\/\/nbdental.pl\/?page_id=2569"},"modified":"2021-11-23T12:29:04","modified_gmt":"2021-11-23T11:29:04","slug":"implantater","status":"publish","type":"page","link":"https:\/\/nbdental.pl\/no\/spesialiseringer\/implantater\/","title":{"rendered":"Implantater"},"content":{"rendered":"[vc_row type=&raquo;in_container&raquo; full_screen_row_position=&raquo;middle&raquo; column_margin=&raquo;default&raquo; equal_height=&raquo;yes&raquo; content_placement=&raquo;middle&raquo; column_direction=&raquo;default&raquo; column_direction_tablet=&raquo;default&raquo; column_direction_phone=&raquo;default&raquo; scene_position=&raquo;center&raquo; top_padding=&raquo;4%&raquo; bottom_padding=&raquo;4%&raquo; text_color=&raquo;dark&raquo; text_align=&raquo;left&raquo; row_border_radius=&raquo;none&raquo; row_border_radius_applies=&raquo;bg&raquo; overlay_strength=&raquo;0.3&#8243; gradient_direction=&raquo;left_to_right&raquo; shape_divider_position=&raquo;bottom&raquo; bg_image_animation=&raquo;none&raquo; shape_type=&raquo;&raquo;][vc_column column_padding=&raquo;no-extra-padding&raquo; column_padding_tablet=&raquo;inherit&raquo; column_padding_phone=&raquo;inherit&raquo; column_padding_position=&raquo;all&raquo; column_element_spacing=&raquo;default&raquo; background_color_opacity=&raquo;1&#8243; background_hover_color_opacity=&raquo;1&#8243; column_shadow=&raquo;none&raquo; column_border_radius=&raquo;none&raquo; column_link_target=&raquo;_self&raquo; gradient_direction=&raquo;left_to_right&raquo; overlay_strength=&raquo;0.3&#8243; width=&raquo;1\/2&#8243; tablet_width_inherit=&raquo;default&raquo; tablet_text_alignment=&raquo;default&raquo; phone_text_alignment=&raquo;default&raquo; bg_image_animation=&raquo;none&raquo; enable_animation=&raquo;true&raquo; animation=&raquo;fade-in-from-left&raquo; border_type=&raquo;simple&raquo; column_border_width=&raquo;none&raquo; column_border_style=&raquo;solid&raquo;][image_with_animation image_url=&raquo;760&#8243; animation=&raquo;Fade In&raquo; hover_animation=&raquo;none&raquo; alignment=&raquo;&raquo; border_radius=&raquo;none&raquo; box_shadow=&raquo;none&raquo; image_loading=&raquo;default&raquo; max_width=&raquo;100%&raquo; max_width_mobile=&raquo;default&raquo;][\/vc_column][vc_column column_padding=&raquo;padding-3-percent&raquo; column_padding_tablet=&raquo;inherit&raquo; column_padding_phone=&raquo;inherit&raquo; column_padding_position=&raquo;all&raquo; column_element_spacing=&raquo;default&raquo; background_color_opacity=&raquo;1&#8243; background_hover_color_opacity=&raquo;1&#8243; column_shadow=&raquo;none&raquo; column_border_radius=&raquo;none&raquo; column_link_target=&raquo;_self&raquo; gradient_direction=&raquo;left_to_right&raquo; overlay_strength=&raquo;0.3&#8243; width=&raquo;1\/2&#8243; tablet_width_inherit=&raquo;default&raquo; tablet_text_alignment=&raquo;default&raquo; phone_text_alignment=&raquo;default&raquo; bg_image_animation=&raquo;none&raquo; enable_animation=&raquo;true&raquo; animation=&raquo;fade-in-from-right&raquo; border_type=&raquo;simple&raquo; column_border_width=&raquo;none&raquo; column_border_style=&raquo;solid&raquo; delay=&raquo;300&#8243;][vc_column_text]\n<h1>IMPLANTATBEHANDLING<\/h1>\n[\/vc_column_text][vc_column_text]\n<h3>KVALITET OG VARIGE RESULTATER UTEN KOMPROMISSER<\/h3>\n[\/vc_column_text][divider line_type=&raquo;Small Line&raquo; line_alignment=&raquo;default&raquo; line_thickness=&raquo;3&#8243; divider_color=&raquo;accent-color&raquo; custom_height=&raquo;40&#8243;][vc_column_text]\n<p style=\"text-align: justify;\">Pasienter foretrekker permanente l\u00f8sninger som ikke m\u00e5 tas ut av munnen. P\u00e5 listen over deres prioriteter finnes det ogs\u00e5 komfort, holdbarhet og det mest naturlige utseendet. Derfor blir \u00e5 erstatte manglende tenner med h\u00f8yklasses implantater mer og mer popul\u00e6rt.<\/p>\n[\/vc_column_text][divider line_type=&raquo;No Line&raquo;][vc_column_text]\n<h5>HVA ER ET IMPLANTAT?<\/h5>\n[\/vc_column_text][divider line_type=&raquo;No Line&raquo;][vc_column_text]\n<p style=\"text-align: justify;\">Kort sagt er et implantat en liten titanskrue som settes inn i kjevebenet. Det fungerer som en kunstig tannrot, og forbindelsesleddet som festes til den \u00f8vre delen av implantatet, fungerer som feste for kroner, broer eller proteser.<\/p>\n[\/vc_column_text][\/vc_column][\/vc_row][vc_row type=&raquo;in_container&raquo; full_screen_row_position=&raquo;middle&raquo; column_margin=&raquo;default&raquo; equal_height=&raquo;yes&raquo; content_placement=&raquo;middle&raquo; column_direction=&raquo;reverse&raquo; column_direction_tablet=&raquo;default&raquo; column_direction_phone=&raquo;default&raquo; scene_position=&raquo;center&raquo; top_padding=&raquo;4%&raquo; bottom_padding=&raquo;4%&raquo; text_color=&raquo;dark&raquo; text_align=&raquo;left&raquo; row_border_radius=&raquo;none&raquo; row_border_radius_applies=&raquo;bg&raquo; overlay_strength=&raquo;0.3&#8243; gradient_direction=&raquo;left_to_right&raquo; shape_divider_position=&raquo;bottom&raquo; bg_image_animation=&raquo;none&raquo; shape_type=&raquo;&raquo;][vc_column column_padding=&raquo;no-extra-padding&raquo; column_padding_tablet=&raquo;inherit&raquo; column_padding_phone=&raquo;inherit&raquo; column_padding_position=&raquo;all&raquo; column_element_spacing=&raquo;default&raquo; background_color_opacity=&raquo;1&#8243; background_hover_color_opacity=&raquo;1&#8243; column_shadow=&raquo;none&raquo; column_border_radius=&raquo;none&raquo; column_link_target=&raquo;_self&raquo; gradient_direction=&raquo;left_to_right&raquo; overlay_strength=&raquo;0.3&#8243; width=&raquo;1\/2&#8243; tablet_width_inherit=&raquo;default&raquo; tablet_text_alignment=&raquo;default&raquo; phone_text_alignment=&raquo;default&raquo; bg_image_animation=&raquo;none&raquo; enable_animation=&raquo;true&raquo; animation=&raquo;fade-in-from-left&raquo; border_type=&raquo;simple&raquo; column_border_width=&raquo;none&raquo; column_border_style=&raquo;solid&raquo;][image_with_animation image_url=&raquo;1177&#8243; animation=&raquo;Fade In&raquo; hover_animation=&raquo;none&raquo; alignment=&raquo;&raquo; border_radius=&raquo;none&raquo; box_shadow=&raquo;none&raquo; image_loading=&raquo;default&raquo; max_width=&raquo;100%&raquo; max_width_mobile=&raquo;default&raquo;][vc_row_inner column_margin=&raquo;default&raquo; column_direction=&raquo;default&raquo; column_direction_tablet=&raquo;default&raquo; column_direction_phone=&raquo;default&raquo; text_align=&raquo;left&raquo;][vc_column_inner column_padding=&raquo;padding-2-percent&raquo; column_padding_tablet=&raquo;inherit&raquo; column_padding_phone=&raquo;inherit&raquo; column_padding_position=&raquo;all&raquo; column_element_spacing=&raquo;default&raquo; background_color_opacity=&raquo;1&#8243; background_hover_color_opacity=&raquo;1&#8243; column_shadow=&raquo;none&raquo; column_border_radius=&raquo;none&raquo; column_link_target=&raquo;_self&raquo; gradient_direction=&raquo;left_to_right&raquo; overlay_strength=&raquo;0.3&#8243; width=&raquo;1\/2&#8243; tablet_width_inherit=&raquo;default&raquo; bg_image_animation=&raquo;none&raquo; border_type=&raquo;simple&raquo; column_border_width=&raquo;none&raquo; column_border_style=&raquo;solid&raquo;][image_with_animation image_url=&raquo;738&#8243; animation=&raquo;Fade In&raquo; hover_animation=&raquo;zoom&raquo; alignment=&raquo;&raquo; img_link_target=&raquo;_blank&raquo; border_radius=&raquo;none&raquo; box_shadow=&raquo;none&raquo; image_loading=&raquo;default&raquo; max_width=&raquo;100%&raquo; max_width_mobile=&raquo;default&raquo; img_link=&raquo;http:\/\/www.wszystkooimplantach.pl\/&raquo;][\/vc_column_inner][vc_column_inner column_padding=&raquo;padding-2-percent&raquo; column_padding_tablet=&raquo;inherit&raquo; column_padding_phone=&raquo;inherit&raquo; column_padding_position=&raquo;all&raquo; column_element_spacing=&raquo;default&raquo; background_color_opacity=&raquo;1&#8243; background_hover_color_opacity=&raquo;1&#8243; column_shadow=&raquo;none&raquo; column_border_radius=&raquo;none&raquo; column_link_target=&raquo;_self&raquo; gradient_direction=&raquo;left_to_right&raquo; overlay_strength=&raquo;0.3&#8243; width=&raquo;1\/2&#8243; tablet_width_inherit=&raquo;default&raquo; bg_image_animation=&raquo;none&raquo; border_type=&raquo;simple&raquo; column_border_width=&raquo;none&raquo; column_border_style=&raquo;solid&raquo;][image_with_animation image_url=&raquo;739&#8243; animation=&raquo;Fade In&raquo; hover_animation=&raquo;zoom&raquo; alignment=&raquo;&raquo; img_link_target=&raquo;_blank&raquo; border_radius=&raquo;none&raquo; box_shadow=&raquo;none&raquo; image_loading=&raquo;default&raquo; max_width=&raquo;100%&raquo; max_width_mobile=&raquo;default&raquo; img_link=&raquo;http:\/\/mojimplant.com.pl\/&raquo;][\/vc_column_inner][\/vc_row_inner][\/vc_column][vc_column column_padding=&raquo;padding-3-percent&raquo; column_padding_tablet=&raquo;inherit&raquo; column_padding_phone=&raquo;inherit&raquo; column_padding_position=&raquo;all&raquo; column_element_spacing=&raquo;default&raquo; background_color_opacity=&raquo;1&#8243; background_hover_color_opacity=&raquo;1&#8243; column_shadow=&raquo;none&raquo; column_border_radius=&raquo;none&raquo; column_link_target=&raquo;_self&raquo; gradient_direction=&raquo;left_to_right&raquo; overlay_strength=&raquo;0.3&#8243; width=&raquo;1\/2&#8243; tablet_width_inherit=&raquo;default&raquo; tablet_text_alignment=&raquo;default&raquo; phone_text_alignment=&raquo;default&raquo; bg_image_animation=&raquo;none&raquo; enable_animation=&raquo;true&raquo; animation=&raquo;fade-in-from-right&raquo; border_type=&raquo;simple&raquo; column_border_width=&raquo;none&raquo; column_border_style=&raquo;solid&raquo; delay=&raquo;300&#8243;][vc_column_text]\n<h2>IMPLANTATBEHANDLING P\u00c5 H\u00d8YESTE NIV\u00c5<\/h2>\n[\/vc_column_text][vc_column_text]\n<h4>HVORFOR VELGE V\u00c5RE TJENESTER?<\/h4>\n[\/vc_column_text][divider line_type=&raquo;Small Line&raquo; line_alignment=&raquo;default&raquo; line_thickness=&raquo;3&#8243; divider_color=&raquo;accent-color&raquo; custom_height=&raquo;40&#8243;][vc_column_text]\n<p style=\"text-align: justify;\">For \u00e5 m\u00f8te spesifikke behov hos v\u00e5re pasienter og garantere en utmerket kvalitet, full tilfredshet og de h\u00f8yeste sikkerhetsstandarder.<\/p>\n[\/vc_column_text][divider line_type=&raquo;No Line&raquo; custom_height=&raquo;5&#8243;]<div class=\"nectar-fancy-ul\" data-list-icon=\"fa fa-check\" data-animation=\"false\" data-animation-delay=\"0\" data-color=\"accent-color\" data-spacing=\"default\" data-alignment=\"left\"> \n<ul>\n<li>Vi bruker kun implantatsystemer fra fremragende produsenter. Et velpr\u00f8vd implantatsystem er en sikker vei for \u00e5 f\u00e5 \u00abtredje\u00bb tenner.<\/li>\n<li>Teamets samarbeid innen implantologi og kunnskap som m\u00f8ter erfaring og utdanning, lar oss oppn\u00e5 de \u00f8nskede, varige resultatene. Helt uten kompromisser.<\/li>\n<\/ul>\n <\/div>[vc_column_text]\n<p style=\"text-align: justify;\">Mer detaljert informasjon om forl\u00f8pet av implantatbehandling kan du finne p\u00e5 nettsiden til Straumenn og Neodent \u2013 produsenter av implantater som vi bruker p\u00e5 kontoret.<\/p>\n[\/vc_column_text][\/vc_column][\/vc_row][vc_row type=&raquo;full_width_background&raquo; full_screen_row_position=&raquo;middle&raquo; column_margin=&raquo;none&raquo; column_direction=&raquo;default&raquo; column_direction_tablet=&raquo;default&raquo; column_direction_phone=&raquo;default&raquo; bg_color=&raquo;#f4f4f4&#8243; scene_position=&raquo;center&raquo; top_padding=&raquo;4%&raquo; constrain_group_1=&raquo;yes&raquo; bottom_padding=&raquo;4%&raquo; text_color=&raquo;custom&raquo; text_align=&raquo;left&raquo; row_border_radius=&raquo;none&raquo; row_border_radius_applies=&raquo;bg&raquo; overlay_strength=&raquo;0.3&#8243; gradient_direction=&raquo;left_to_right&raquo; shape_divider_color=&raquo;#ffffff&raquo; shape_divider_position=&raquo;bottom&raquo; bg_image_animation=&raquo;none&raquo; shape_type=&raquo;straight_section&raquo;][vc_column column_padding=&raquo;no-extra-padding&raquo; column_padding_tablet=&raquo;inherit&raquo; column_padding_phone=&raquo;inherit&raquo; column_padding_position=&raquo;top-bottom&raquo; column_element_spacing=&raquo;0px&raquo; centered_text=&raquo;true&raquo; background_color_opacity=&raquo;1&#8243; background_hover_color_opacity=&raquo;1&#8243; column_shadow=&raquo;none&raquo; column_border_radius=&raquo;none&raquo; column_link_target=&raquo;_self&raquo; gradient_direction=&raquo;radial&raquo; overlay_strength=&raquo;0.3&#8243; width=&raquo;1\/1&#8243; tablet_width_inherit=&raquo;default&raquo; tablet_text_alignment=&raquo;default&raquo; phone_text_alignment=&raquo;default&raquo; bg_image_animation=&raquo;none&raquo; border_type=&raquo;simple&raquo; column_border_width=&raquo;none&raquo; column_border_style=&raquo;solid&raquo;][vc_column_text]\n<h4 style=\"text-align: center;\">VISSTE DU AT&#8230;<\/h4>\n[\/vc_column_text][divider line_type=&raquo;Small Line&raquo; line_alignment=&raquo;default&raquo; line_thickness=&raquo;3&#8243; divider_color=&raquo;accent-color&raquo; custom_height=&raquo;40&#8243;][vc_column_text]\n<p style=\"text-align: center;\">Implantater er en livsvarig investering som l\u00f8nner seg. Vi utf\u00f8rer hele spekteret av implantatbehandlinger. Vi har alle n\u00f8dvendige diagnostiske verkt\u00f8y, inkludert 3D-computertomografi.<\/p>\n[\/vc_column_text][divider line_type=&raquo;No Line&raquo;][vc_column_text]\n<h4 style=\"text-align: center;\">PERIIMPLANTATBEHANDLINGER<\/h4>\n<h5 style=\"text-align: center;\">UGUNSTIGE BENFORHOLD<\/h5>\n[\/vc_column_text][divider line_type=&raquo;Small Line&raquo; line_alignment=&raquo;default&raquo; line_thickness=&raquo;3&#8243; divider_color=&raquo;accent-color&raquo; custom_height=&raquo;40&#8243;][vc_column_text]\n<p style=\"text-align: center;\">Hvis kirurgen bestemmer at innsetting av et implantat er umulig p\u00e5 grunn av benforholdene som vises p\u00e5 r\u00f8ntgen- og CT-bilder, anbefaler vi periimplantatbehandling.<\/p>\n[\/vc_column_text][divider line_type=&raquo;No Line&raquo;][vc_column_text]\n<h4 style=\"text-align: center;\">PROFYLAKSEINSTRUKSJON<\/h4>\n<h5 style=\"text-align: center;\">HVERDAGSHYGIENE<\/h5>\n[\/vc_column_text][divider line_type=&raquo;Small Line&raquo; line_alignment=&raquo;default&raquo; line_thickness=&raquo;3&#8243; divider_color=&raquo;accent-color&raquo; custom_height=&raquo;40&#8243;][vc_column_text]\n<p style=\"text-align: center;\">Innsetting av implantater krever god munnhygiene fra pasienten. Derfor \u2013 som en del av den omfattende behandlingen \u2013 optimaliserer vi metodene for hverdagsprofylakse og anbefaler \u00e5rskontroll, inkludert r\u00f8ntgenkontroll og profesjonell tannrengj\u00f8ring p\u00e5 kontoret.<\/p>\n[\/vc_column_text][\/vc_column][\/vc_row][vc_row type=&raquo;in_container&raquo; full_screen_row_position=&raquo;middle&raquo; column_margin=&raquo;default&raquo; equal_height=&raquo;yes&raquo; content_placement=&raquo;middle&raquo; column_direction=&raquo;reverse&raquo; column_direction_tablet=&raquo;default&raquo; column_direction_phone=&raquo;default&raquo; scene_position=&raquo;center&raquo; top_padding=&raquo;4%&raquo; bottom_padding=&raquo;4%&raquo; text_color=&raquo;dark&raquo; text_align=&raquo;left&raquo; row_border_radius=&raquo;none&raquo; row_border_radius_applies=&raquo;bg&raquo; overlay_strength=&raquo;0.3&#8243; gradient_direction=&raquo;left_to_right&raquo; shape_divider_position=&raquo;bottom&raquo; bg_image_animation=&raquo;none&raquo; shape_type=&raquo;&raquo;][vc_column column_padding=&raquo;no-extra-padding&raquo; column_padding_tablet=&raquo;inherit&raquo; column_padding_phone=&raquo;inherit&raquo; column_padding_position=&raquo;all&raquo; column_element_spacing=&raquo;default&raquo; background_color_opacity=&raquo;1&#8243; background_hover_color_opacity=&raquo;1&#8243; column_shadow=&raquo;none&raquo; column_border_radius=&raquo;none&raquo; column_link_target=&raquo;_self&raquo; gradient_direction=&raquo;left_to_right&raquo; overlay_strength=&raquo;0.3&#8243; width=&raquo;1\/2&#8243; tablet_width_inherit=&raquo;default&raquo; tablet_text_alignment=&raquo;default&raquo; phone_text_alignment=&raquo;default&raquo; bg_image_animation=&raquo;none&raquo; enable_animation=&raquo;true&raquo; animation=&raquo;fade-in-from-left&raquo; border_type=&raquo;simple&raquo; column_border_width=&raquo;none&raquo; column_border_style=&raquo;solid&raquo;][image_with_animation image_url=&raquo;763&#8243; animation=&raquo;Fade In&raquo; hover_animation=&raquo;none&raquo; alignment=&raquo;&raquo; border_radius=&raquo;none&raquo; box_shadow=&raquo;none&raquo; image_loading=&raquo;default&raquo; max_width=&raquo;100%&raquo; max_width_mobile=&raquo;default&raquo;][\/vc_column][vc_column column_padding=&raquo;padding-3-percent&raquo; column_padding_tablet=&raquo;inherit&raquo; column_padding_phone=&raquo;inherit&raquo; column_padding_position=&raquo;all&raquo; column_element_spacing=&raquo;default&raquo; background_color_opacity=&raquo;1&#8243; background_hover_color_opacity=&raquo;1&#8243; column_shadow=&raquo;none&raquo; column_border_radius=&raquo;none&raquo; column_link_target=&raquo;_self&raquo; gradient_direction=&raquo;left_to_right&raquo; overlay_strength=&raquo;0.3&#8243; width=&raquo;1\/2&#8243; tablet_width_inherit=&raquo;default&raquo; tablet_text_alignment=&raquo;default&raquo; phone_text_alignment=&raquo;default&raquo; bg_image_animation=&raquo;none&raquo; enable_animation=&raquo;true&raquo; animation=&raquo;fade-in-from-right&raquo; border_type=&raquo;simple&raquo; column_border_width=&raquo;none&raquo; column_border_style=&raquo;solid&raquo; delay=&raquo;300&#8243;][vc_column_text]\n<h2>TANNIMPLANTATER \u2013 FORDELER<\/h2>\n[\/vc_column_text][vc_column_text]\n<h4>KONKRETE ARGUMENTER<\/h4>\n[\/vc_column_text][divider line_type=&raquo;Small Line&raquo; line_alignment=&raquo;default&raquo; line_thickness=&raquo;3&#8243; divider_color=&raquo;accent-color&raquo; custom_height=&raquo;40&#8243;][vc_column_text]\n<p style=\"text-align: justify;\">Implantater utf\u00f8rt i NB Dental Clinic:<\/p>\n[\/vc_column_text][divider line_type=&raquo;No Line&raquo; custom_height=&raquo;5&#8243;]<div class=\"nectar-fancy-ul\" data-list-icon=\"fa fa-check\" data-animation=\"false\" data-animation-delay=\"0\" data-color=\"accent-color\" data-spacing=\"default\" data-alignment=\"left\"> \n<ul>\n<li style=\"text-align: justify;\">etterligner perfekt den naturlige tannroten for utmerket hverdagskomfort<\/li>\n<li style=\"text-align: justify;\">i tilfelle av enkelte mangler gir de ingen behov for \u00e5 slipe p\u00e5 nabotenner og p\u00e5virke deres struktur<\/li>\n<li style=\"text-align: justify;\">stopper bentapsprosessen, noe som bidrar til at strukturen forblir uendret i flere \u00e5r<\/li>\n<li style=\"text-align: justify;\">gj\u00f8r det mulig \u00e5 erstatte avtakbare proteser med en permanent l\u00f8sning<\/li>\n<li style=\"text-align: justify;\">krever ikke bruk av proteselim<\/li>\n<li style=\"text-align: justify;\">gir et sunt og vakkert smil<\/li>\n<\/ul>\n <\/div>[\/vc_column][\/vc_row]\n","protected":false},"excerpt":{"rendered":"<p>[vc_row type=&raquo;in_container&raquo; full_screen_row_position=&raquo;middle&raquo; column_margin=&raquo;default&raquo; equal_height=&raquo;yes&raquo; content_placement=&raquo;middle&raquo; column_direction=&raquo;default&raquo; column_direction_tablet=&raquo;default&raquo; column_direction_phone=&raquo;default&raquo; scene_position=&raquo;center&raquo; top_padding=&raquo;4%&raquo; bottom_padding=&raquo;4%&raquo; text_color=&raquo;dark&raquo; text_align=&raquo;left&raquo; row_border_radius=&raquo;none&raquo; row_border_radius_applies=&raquo;bg&raquo; overlay_strength=&raquo;0.3&#8243; gradient_direction=&raquo;left_to_right&raquo; shape_divider_position=&raquo;bottom&raquo; bg_image_animation=&raquo;none&raquo; shape_type=&raquo;&raquo;][vc_column column_padding=&raquo;no-extra-padding&raquo; column_padding_tablet=&raquo;inherit&raquo; column_padding_phone=&raquo;inherit&raquo; column_padding_position=&raquo;all&raquo; column_element_spacing=&raquo;default&raquo; background_color_opacity=&raquo;1&#8243; background_hover_color_opacity=&raquo;1&#8243; column_shadow=&raquo;none&raquo; column_border_radius=&raquo;none&raquo;&#8230;<\/p>\n","protected":false},"author":1,"featured_media":0,"parent":2553,"menu_order":0,"comment_status":"closed","ping_status":"closed","template":"","meta":{"_acf_changed":false,"inline_featured_image":false,"footnotes":""},"class_list":["post-2569","page","type-page","status-publish"],"acf":[],"_links":{"self":[{"href":"https:\/\/nbdental.pl\/no\/wp-json\/wp\/v2\/pages\/2569","targetHints":{"allow":["GET"]}}],"collection":[{"href":"https:\/\/nbdental.pl\/no\/wp-json\/wp\/v2\/pages"}],"about":[{"href":"https:\/\/nbdental.pl\/no\/wp-json\/wp\/v2\/types\/page"}],"author":[{"embeddable":true,"href":"https:\/\/nbdental.pl\/no\/wp-json\/wp\/v2\/users\/1"}],"replies":[{"embeddable":true,"href":"https:\/\/nbdental.pl\/no\/wp-json\/wp\/v2\/comments?post=2569"}],"version-history":[{"count":3,"href":"https:\/\/nbdental.pl\/no\/wp-json\/wp\/v2\/pages\/2569\/revisions"}],"predecessor-version":[{"id":2632,"href":"https:\/\/nbdental.pl\/no\/wp-json\/wp\/v2\/pages\/2569\/revisions\/2632"}],"up":[{"embeddable":true,"href":"https:\/\/nbdental.pl\/no\/wp-json\/wp\/v2\/pages\/2553"}],"wp:attachment":[{"href":"https:\/\/nbdental.pl\/no\/wp-json\/wp\/v2\/media?parent=2569"}],"curies":[{"name":"wp","href":"https:\/\/api.w.org\/{rel}","templated":true}]}}