{"id":2555,"date":"2021-11-22T14:29:34","date_gmt":"2021-11-22T13:29:34","guid":{"rendered":"http:\/\/nbdental.pl\/?page_id=2555"},"modified":"2021-11-23T12:27:33","modified_gmt":"2021-11-23T11:27:33","slug":"hygiene","status":"publish","type":"page","link":"https:\/\/nbdental.pl\/no\/spesialiseringer\/hygiene\/","title":{"rendered":"Hygiene"},"content":{"rendered":"[vc_row type=&raquo;in_container&raquo; full_screen_row_position=&raquo;middle&raquo; column_margin=&raquo;default&raquo; equal_height=&raquo;yes&raquo; content_placement=&raquo;middle&raquo; column_direction=&raquo;default&raquo; column_direction_tablet=&raquo;default&raquo; column_direction_phone=&raquo;default&raquo; scene_position=&raquo;center&raquo; top_padding=&raquo;4%&raquo; bottom_padding=&raquo;4%&raquo; text_color=&raquo;dark&raquo; text_align=&raquo;left&raquo; row_border_radius=&raquo;none&raquo; row_border_radius_applies=&raquo;bg&raquo; overlay_strength=&raquo;0.3&#8243; gradient_direction=&raquo;left_to_right&raquo; shape_divider_position=&raquo;bottom&raquo; bg_image_animation=&raquo;none&raquo; shape_type=&raquo;&raquo;][vc_column column_padding=&raquo;no-extra-padding&raquo; column_padding_tablet=&raquo;inherit&raquo; column_padding_phone=&raquo;inherit&raquo; column_padding_position=&raquo;all&raquo; column_element_spacing=&raquo;default&raquo; background_color_opacity=&raquo;1&#8243; background_hover_color_opacity=&raquo;1&#8243; column_shadow=&raquo;none&raquo; column_border_radius=&raquo;none&raquo; column_link_target=&raquo;_self&raquo; gradient_direction=&raquo;left_to_right&raquo; overlay_strength=&raquo;0.3&#8243; width=&raquo;1\/2&#8243; tablet_width_inherit=&raquo;default&raquo; tablet_text_alignment=&raquo;default&raquo; phone_text_alignment=&raquo;default&raquo; bg_image_animation=&raquo;none&raquo; enable_animation=&raquo;true&raquo; animation=&raquo;fade-in-from-left&raquo; border_type=&raquo;simple&raquo; column_border_width=&raquo;none&raquo; column_border_style=&raquo;solid&raquo;][image_with_animation image_url=&raquo;608&#8243; animation=&raquo;Fade In&raquo; hover_animation=&raquo;none&raquo; alignment=&raquo;&raquo; border_radius=&raquo;none&raquo; box_shadow=&raquo;none&raquo; image_loading=&raquo;default&raquo; max_width=&raquo;100%&raquo; max_width_mobile=&raquo;default&raquo;][\/vc_column][vc_column column_padding=&raquo;padding-3-percent&raquo; column_padding_tablet=&raquo;inherit&raquo; column_padding_phone=&raquo;inherit&raquo; column_padding_position=&raquo;all&raquo; column_element_spacing=&raquo;default&raquo; background_color_opacity=&raquo;1&#8243; background_hover_color_opacity=&raquo;1&#8243; column_shadow=&raquo;none&raquo; column_border_radius=&raquo;none&raquo; column_link_target=&raquo;_self&raquo; gradient_direction=&raquo;left_to_right&raquo; overlay_strength=&raquo;0.3&#8243; width=&raquo;1\/2&#8243; tablet_width_inherit=&raquo;default&raquo; tablet_text_alignment=&raquo;default&raquo; phone_text_alignment=&raquo;default&raquo; bg_image_animation=&raquo;none&raquo; enable_animation=&raquo;true&raquo; animation=&raquo;fade-in-from-right&raquo; border_type=&raquo;simple&raquo; column_border_width=&raquo;none&raquo; column_border_style=&raquo;solid&raquo; delay=&raquo;300&#8243;][vc_column_text]\n<h1>HVORDAN TA VARE P\u00c5 TENNENE?<\/h1>\n[\/vc_column_text][vc_column_text]\n<h3>DE BESTE METODENE<\/h3>\n[\/vc_column_text][divider line_type=&raquo;Small Line&raquo; line_alignment=&raquo;default&raquo; line_thickness=&raquo;3&#8243; divider_color=&raquo;accent-color&raquo; custom_height=&raquo;40&#8243;][vc_column_text]\n<p style=\"text-align: justify;\">Profylakse er forebyggende tiltak som angriper problemer s\u00e5 tidlig som mulig og lar deg nyte smilet ditt i lang tid.<\/p>\n<p style=\"text-align: justify;\">Regelmessig fjerning av tannstein hindrer tennene fra \u00e5 l\u00f8sne. I tillegg medf\u00f8rer rene tenner en lavere risiko for karies.<\/p>\n<p style=\"text-align: justify;\">Derfor b\u00f8r profylakse v\u00e6re en av de viktigste \u00e5rsakene for \u00e5 g\u00e5 til tannlege regelmessig.<\/p>\n[\/vc_column_text][\/vc_column][\/vc_row][vc_row type=&raquo;in_container&raquo; full_screen_row_position=&raquo;middle&raquo; column_margin=&raquo;default&raquo; equal_height=&raquo;yes&raquo; content_placement=&raquo;middle&raquo; column_direction=&raquo;reverse&raquo; column_direction_tablet=&raquo;default&raquo; column_direction_phone=&raquo;default&raquo; scene_position=&raquo;center&raquo; top_padding=&raquo;4%&raquo; bottom_padding=&raquo;4%&raquo; text_color=&raquo;dark&raquo; text_align=&raquo;left&raquo; row_border_radius=&raquo;none&raquo; row_border_radius_applies=&raquo;bg&raquo; overlay_strength=&raquo;0.3&#8243; gradient_direction=&raquo;left_to_right&raquo; shape_divider_position=&raquo;bottom&raquo; bg_image_animation=&raquo;none&raquo; shape_type=&raquo;&raquo;][vc_column column_padding=&raquo;no-extra-padding&raquo; column_padding_tablet=&raquo;inherit&raquo; column_padding_phone=&raquo;inherit&raquo; column_padding_position=&raquo;all&raquo; column_element_spacing=&raquo;default&raquo; background_color_opacity=&raquo;1&#8243; background_hover_color_opacity=&raquo;1&#8243; column_shadow=&raquo;none&raquo; column_border_radius=&raquo;none&raquo; column_link_target=&raquo;_self&raquo; gradient_direction=&raquo;left_to_right&raquo; overlay_strength=&raquo;0.3&#8243; width=&raquo;1\/2&#8243; tablet_width_inherit=&raquo;default&raquo; tablet_text_alignment=&raquo;default&raquo; phone_text_alignment=&raquo;default&raquo; bg_image_animation=&raquo;none&raquo; enable_animation=&raquo;true&raquo; animation=&raquo;fade-in-from-left&raquo; border_type=&raquo;simple&raquo; column_border_width=&raquo;none&raquo; column_border_style=&raquo;solid&raquo;][image_with_animation image_url=&raquo;614&#8243; animation=&raquo;Fade In&raquo; hover_animation=&raquo;none&raquo; alignment=&raquo;&raquo; border_radius=&raquo;none&raquo; box_shadow=&raquo;none&raquo; image_loading=&raquo;default&raquo; max_width=&raquo;100%&raquo; max_width_mobile=&raquo;default&raquo;][\/vc_column][vc_column column_padding=&raquo;padding-3-percent&raquo; column_padding_tablet=&raquo;inherit&raquo; column_padding_phone=&raquo;inherit&raquo; column_padding_position=&raquo;all&raquo; column_element_spacing=&raquo;default&raquo; background_color_opacity=&raquo;1&#8243; background_hover_color_opacity=&raquo;1&#8243; column_shadow=&raquo;none&raquo; column_border_radius=&raquo;none&raquo; column_link_target=&raquo;_self&raquo; gradient_direction=&raquo;left_to_right&raquo; overlay_strength=&raquo;0.3&#8243; width=&raquo;1\/2&#8243; tablet_width_inherit=&raquo;default&raquo; tablet_text_alignment=&raquo;default&raquo; phone_text_alignment=&raquo;default&raquo; bg_image_animation=&raquo;none&raquo; enable_animation=&raquo;true&raquo; animation=&raquo;fade-in-from-right&raquo; border_type=&raquo;simple&raquo; column_border_width=&raquo;none&raquo; column_border_style=&raquo;solid&raquo; delay=&raquo;300&#8243;][vc_column_text]\n<h2>UTDANNET TANNPLEIER ANITA SKRZYPCZAK<\/h2>\n[\/vc_column_text][vc_column_text]\n<h4>PROFYLAKTISK BEHANDLING<\/h4>\n[\/vc_column_text][divider line_type=&raquo;Small Line&raquo; line_alignment=&raquo;default&raquo; line_thickness=&raquo;3&#8243; divider_color=&raquo;accent-color&raquo; custom_height=&raquo;40&#8243;][vc_column_text]\n<p style=\"text-align: justify;\">V\u00e5r tannpleier utf\u00f8rer enkle og helt smertefrie profylaktiske behandlinger.<\/p>\n<p style=\"text-align: justify;\">Takket v\u00e6re dem minimerer vi risikoen for tannkj\u00f8ttsykdommer og karies, noe som gj\u00f8r det mulig for pasienter \u00e5 spare mye penger p\u00e5 kostbar behandling.<\/p>\n<p style=\"text-align: justify;\">I NB Dental Clinic har vi en helhetlig tiln\u00e6rming til profylakse som beskytter pasientenes tannkj\u00f8tt og tenner p\u00e5 en optimal m\u00e5te, noe som sikrer komfort og estetisk utseende.<\/p>\n[\/vc_column_text][\/vc_column][\/vc_row][vc_row type=&raquo;full_width_background&raquo; full_screen_row_position=&raquo;middle&raquo; column_margin=&raquo;none&raquo; column_direction=&raquo;default&raquo; column_direction_tablet=&raquo;default&raquo; column_direction_phone=&raquo;default&raquo; bg_color=&raquo;#fafafa&raquo; scene_position=&raquo;center&raquo; top_padding=&raquo;4%&raquo; constrain_group_1=&raquo;yes&raquo; bottom_padding=&raquo;4%&raquo; text_color=&raquo;custom&raquo; text_align=&raquo;left&raquo; row_border_radius=&raquo;none&raquo; row_border_radius_applies=&raquo;bg&raquo; color_overlay=&raquo;#f7f7f7&#8243; overlay_strength=&raquo;0.8&#8243; gradient_direction=&raquo;left_to_right&raquo; shape_divider_color=&raquo;#ffffff&raquo; shape_divider_position=&raquo;bottom&raquo; bg_image_animation=&raquo;none&raquo; parallax_bg=&raquo;true&raquo; parallax_bg_speed=&raquo;fast&raquo; shape_type=&raquo;straight_section&raquo;][vc_column column_padding=&raquo;no-extra-padding&raquo; column_padding_tablet=&raquo;inherit&raquo; column_padding_phone=&raquo;inherit&raquo; column_padding_position=&raquo;top-bottom&raquo; column_element_spacing=&raquo;0px&raquo; background_color_opacity=&raquo;1&#8243; background_hover_color_opacity=&raquo;1&#8243; column_shadow=&raquo;none&raquo; column_border_radius=&raquo;none&raquo; column_link_target=&raquo;_self&raquo; gradient_direction=&raquo;radial&raquo; overlay_strength=&raquo;0.3&#8243; width=&raquo;1\/1&#8243; tablet_width_inherit=&raquo;default&raquo; tablet_text_alignment=&raquo;default&raquo; phone_text_alignment=&raquo;default&raquo; bg_image_animation=&raquo;none&raquo; border_type=&raquo;simple&raquo; column_border_width=&raquo;none&raquo; column_border_style=&raquo;solid&raquo;][vc_row_inner column_margin=&raquo;default&raquo; column_direction=&raquo;default&raquo; column_direction_tablet=&raquo;default&raquo; column_direction_phone=&raquo;default&raquo; bottom_padding=&raquo;35&#8243; left_padding_desktop=&raquo;3%&raquo; constrain_group_2=&raquo;yes&raquo; right_padding_desktop=&raquo;3%&raquo; text_align=&raquo;left&raquo;][vc_column_inner column_padding=&raquo;no-extra-padding&raquo; column_padding_tablet=&raquo;inherit&raquo; column_padding_phone=&raquo;inherit&raquo; column_padding_position=&raquo;all&raquo; column_element_spacing=&raquo;0px&raquo; centered_text=&raquo;true&raquo; background_color_opacity=&raquo;1&#8243; background_hover_color_opacity=&raquo;1&#8243; column_shadow=&raquo;none&raquo; column_border_radius=&raquo;none&raquo; column_link_target=&raquo;_self&raquo; gradient_direction=&raquo;left_to_right&raquo; overlay_strength=&raquo;0.3&#8243; width=&raquo;1\/1&#8243; tablet_width_inherit=&raquo;default&raquo; bg_image_animation=&raquo;none&raquo; enable_animation=&raquo;true&raquo; animation=&raquo;grow-in&raquo; border_type=&raquo;simple&raquo; column_border_width=&raquo;none&raquo; column_border_style=&raquo;solid&raquo;][vc_custom_heading text=&raquo;PROFYLAKSE SKRITT ETTER SKRITT&raquo; font_container=&raquo;tag:h3|text_align:center&raquo; use_theme_fonts=&raquo;yes&raquo;][nectar_rotating_words_title heading_tag=&raquo;h3&#8243; beginning_text=&raquo;VELPR\u00d8VDE METODER FOR \u00c5 HA&raquo; dynamic_text=&raquo;SUNNE, VAKRE, STERKE&raquo; ending_text=&raquo;TENNER&raquo; duration=&raquo;2000&#8243; dynamic_heading_tag=&raquo;h3&#8243; element_animation=&raquo;stagger_words&raquo; mobile_display=&raquo;stacked&raquo; text_flow=&raquo;inline&raquo; element_animation_delay=&raquo;300&#8243;][divider line_type=&raquo;No Line&raquo; custom_height=&raquo;20&#8243;][vc_column_text]\n<h4 style=\"text-align: center;\">VISSTE DU AT&#8230;<\/h4>\n[\/vc_column_text][divider line_type=&raquo;Small Line&raquo; line_alignment=&raquo;default&raquo; line_thickness=&raquo;3&#8243; divider_color=&raquo;accent-color&raquo; custom_height=&raquo;40&#8243;][vc_column_text]\n<p style=\"text-align: center;\">&#8230;dersom bakterielt plakk ikke blir fjernet, f\u00f8rer det til tannstein, noe som kan for\u00e5rsake tannkj\u00f8ttsykdommer og periodontitt?<\/p>\n<p style=\"text-align: center;\">For \u00e5 unng\u00e5 dette b\u00f8r du g\u00e5 til tannlege tilstrekkelig ofte og s\u00f8rge for \u00e5 rense tennene for belegg, bakterielt plakk og tannstein.<\/p>\n<p style=\"text-align: center;\">Derfor gir vi NB Dental Clinic sine pasienter optimal pleie i samarbeid med en utdannet tannpleier \u2013 helt fra f\u00f8rste time.<\/p>\n[\/vc_column_text][\/vc_column_inner][\/vc_row_inner][\/vc_column][\/vc_row][vc_row type=&raquo;in_container&raquo; full_screen_row_position=&raquo;middle&raquo; column_margin=&raquo;default&raquo; equal_height=&raquo;yes&raquo; content_placement=&raquo;middle&raquo; column_direction=&raquo;reverse&raquo; column_direction_tablet=&raquo;default&raquo; column_direction_phone=&raquo;default&raquo; scene_position=&raquo;center&raquo; top_padding=&raquo;4%&raquo; bottom_padding=&raquo;4%&raquo; text_color=&raquo;dark&raquo; text_align=&raquo;left&raquo; row_border_radius=&raquo;none&raquo; row_border_radius_applies=&raquo;bg&raquo; overlay_strength=&raquo;0.3&#8243; gradient_direction=&raquo;left_to_right&raquo; shape_divider_position=&raquo;bottom&raquo; bg_image_animation=&raquo;none&raquo; shape_type=&raquo;&raquo;][vc_column column_padding=&raquo;no-extra-padding&raquo; column_padding_tablet=&raquo;inherit&raquo; column_padding_phone=&raquo;inherit&raquo; column_padding_position=&raquo;all&raquo; column_element_spacing=&raquo;default&raquo; background_color_opacity=&raquo;1&#8243; background_hover_color_opacity=&raquo;1&#8243; column_shadow=&raquo;none&raquo; column_border_radius=&raquo;none&raquo; column_link_target=&raquo;_self&raquo; gradient_direction=&raquo;left_to_right&raquo; overlay_strength=&raquo;0.3&#8243; width=&raquo;1\/2&#8243; tablet_width_inherit=&raquo;default&raquo; tablet_text_alignment=&raquo;default&raquo; phone_text_alignment=&raquo;default&raquo; bg_image_animation=&raquo;none&raquo; enable_animation=&raquo;true&raquo; animation=&raquo;fade-in-from-left&raquo; border_type=&raquo;simple&raquo; column_border_width=&raquo;none&raquo; column_border_style=&raquo;solid&raquo;][image_with_animation image_url=&raquo;980&#8243; animation=&raquo;Fade In&raquo; hover_animation=&raquo;none&raquo; alignment=&raquo;&raquo; border_radius=&raquo;none&raquo; box_shadow=&raquo;none&raquo; image_loading=&raquo;default&raquo; max_width=&raquo;100%&raquo; max_width_mobile=&raquo;default&raquo;][\/vc_column][vc_column column_padding=&raquo;padding-3-percent&raquo; column_padding_tablet=&raquo;inherit&raquo; column_padding_phone=&raquo;inherit&raquo; column_padding_position=&raquo;all&raquo; column_element_spacing=&raquo;default&raquo; background_color_opacity=&raquo;1&#8243; background_hover_color_opacity=&raquo;1&#8243; column_shadow=&raquo;none&raquo; column_border_radius=&raquo;none&raquo; column_link_target=&raquo;_self&raquo; gradient_direction=&raquo;left_to_right&raquo; overlay_strength=&raquo;0.3&#8243; width=&raquo;1\/2&#8243; tablet_width_inherit=&raquo;default&raquo; tablet_text_alignment=&raquo;default&raquo; phone_text_alignment=&raquo;default&raquo; bg_image_animation=&raquo;none&raquo; enable_animation=&raquo;true&raquo; animation=&raquo;fade-in-from-right&raquo; border_type=&raquo;simple&raquo; column_border_width=&raquo;none&raquo; column_border_style=&raquo;solid&raquo; delay=&raquo;300&#8243;][vc_column_text]\n<h2>F\u00d8RSTE TIME<\/h2>\n[\/vc_column_text][vc_column_text]\n<h4>DETALJERT UNDERS\u00d8KELSE<\/h4>\n[\/vc_column_text][divider line_type=&raquo;Small Line&raquo; line_alignment=&raquo;default&raquo; line_thickness=&raquo;3&#8243; divider_color=&raquo;accent-color&raquo; custom_height=&raquo;40&#8243;][vc_column_text]\n<p style=\"text-align: justify;\">Under f\u00f8rste time foretar vi en grundig kontroll av tenner, og basert p\u00e5 resultatet prioriterer vi mulige behandlingstrinn og utarbeider en omfattende profylakseplan.<\/p>\n<p style=\"text-align: justify;\">Profesjonell tannrengj\u00f8ring omfatter:<\/p>\n[\/vc_column_text][divider line_type=&raquo;No Line&raquo; custom_height=&raquo;5&#8243;]<div class=\"nectar-fancy-ul\" data-list-icon=\"fa fa-check\" data-animation=\"false\" data-animation-delay=\"0\" data-color=\"accent-color\" data-spacing=\"default\" data-alignment=\"left\"> \n<ul>\n<li style=\"text-align: justify;\">SCALING \u2013 fjerner tannstein som sitter p\u00e5 tannen og i tannkj\u00f8ttlommen<\/li>\n<li style=\"text-align: justify;\">SANDBL\u00c5SING er \u00e5 rense misfarging, plakk og tannstein med en bl\u00e5ser som under trykk retter en vannstr\u00f8m med tilsatte odontologiske sandpartikler, noe som gj\u00f8r det mulig \u00e5 n\u00e5 de mest utilgjengelige steder som sprekker i tennene eller mellomrom mellom dem<\/li>\n<li style=\"text-align: justify;\">POLERING av tennene med en grovere eller finere kornet pussepasta og en spesiell tannb\u00f8rste etterlater en glatt overflate og beskytter tennene mot rask misfarging<\/li>\n<\/ul>\n <\/div>[\/vc_column][\/vc_row][vc_row type=&raquo;in_container&raquo; full_screen_row_position=&raquo;middle&raquo; column_margin=&raquo;default&raquo; equal_height=&raquo;yes&raquo; content_placement=&raquo;middle&raquo; column_direction=&raquo;default&raquo; column_direction_tablet=&raquo;default&raquo; column_direction_phone=&raquo;default&raquo; scene_position=&raquo;center&raquo; top_padding=&raquo;4%&raquo; bottom_padding=&raquo;4%&raquo; text_color=&raquo;dark&raquo; text_align=&raquo;left&raquo; row_border_radius=&raquo;none&raquo; row_border_radius_applies=&raquo;bg&raquo; overlay_strength=&raquo;0.3&#8243; gradient_direction=&raquo;left_to_right&raquo; shape_divider_position=&raquo;bottom&raquo; bg_image_animation=&raquo;none&raquo; shape_type=&raquo;&raquo;][vc_column column_padding=&raquo;no-extra-padding&raquo; column_padding_tablet=&raquo;inherit&raquo; column_padding_phone=&raquo;inherit&raquo; column_padding_position=&raquo;all&raquo; column_element_spacing=&raquo;default&raquo; background_color_opacity=&raquo;1&#8243; background_hover_color_opacity=&raquo;1&#8243; column_shadow=&raquo;none&raquo; column_border_radius=&raquo;none&raquo; column_link_target=&raquo;_self&raquo; gradient_direction=&raquo;left_to_right&raquo; overlay_strength=&raquo;0.3&#8243; width=&raquo;1\/2&#8243; tablet_width_inherit=&raquo;default&raquo; tablet_text_alignment=&raquo;default&raquo; phone_text_alignment=&raquo;default&raquo; bg_image_animation=&raquo;none&raquo; enable_animation=&raquo;true&raquo; animation=&raquo;fade-in-from-left&raquo; border_type=&raquo;simple&raquo; column_border_width=&raquo;none&raquo; column_border_style=&raquo;solid&raquo;][image_with_animation image_url=&raquo;616&#8243; animation=&raquo;Fade In&raquo; hover_animation=&raquo;none&raquo; alignment=&raquo;&raquo; border_radius=&raquo;none&raquo; box_shadow=&raquo;none&raquo; image_loading=&raquo;default&raquo; max_width=&raquo;100%&raquo; max_width_mobile=&raquo;default&raquo;][\/vc_column][vc_column column_padding=&raquo;padding-3-percent&raquo; column_padding_tablet=&raquo;inherit&raquo; column_padding_phone=&raquo;inherit&raquo; column_padding_position=&raquo;all&raquo; column_element_spacing=&raquo;default&raquo; background_color_opacity=&raquo;1&#8243; background_hover_color_opacity=&raquo;1&#8243; column_shadow=&raquo;none&raquo; column_border_radius=&raquo;none&raquo; column_link_target=&raquo;_self&raquo; gradient_direction=&raquo;left_to_right&raquo; overlay_strength=&raquo;0.3&#8243; width=&raquo;1\/2&#8243; tablet_width_inherit=&raquo;default&raquo; tablet_text_alignment=&raquo;default&raquo; phone_text_alignment=&raquo;default&raquo; bg_image_animation=&raquo;none&raquo; enable_animation=&raquo;true&raquo; animation=&raquo;fade-in-from-right&raquo; border_type=&raquo;simple&raquo; column_border_width=&raquo;none&raquo; column_border_style=&raquo;solid&raquo; delay=&raquo;300&#8243;][vc_column_text]\n<h2>HYGIENEINSTRUKSER<\/h2>\n[\/vc_column_text][divider line_type=&raquo;Small Line&raquo; line_alignment=&raquo;default&raquo; line_thickness=&raquo;3&#8243; divider_color=&raquo;accent-color&raquo; custom_height=&raquo;40&#8243;][vc_column_text]\n<p style=\"text-align: justify;\">Under profylaksebehandling gir vi pasienten individuelle instruksjoner med tips om<br \/>\nriktige pusseteknikker, bruk av tanntr\u00e5d og valg av tannb\u00f8rste og tannkrem.<\/p>\n<p style=\"text-align: justify;\">Teknikkene presenteres p\u00e5 modeller ved \u00e5 bruke metoden \u00abtell-show-do\u00bb slik at pasienten kan se teorien i praksis, f\u00e5 reelle ferdigheter og motivasjon til \u00e5 pusse tennene og tannkj\u00f8ttet p\u00e5 en riktig m\u00e5te.<\/p>\n<p style=\"text-align: justify;\">P\u00e5 neste time verifiserer vi effektene, stiller diagnoser og korrigerer feil for \u00e5 gj\u00f8re din hjemmeprofylakse hyggeligere.<\/p>\n[\/vc_column_text][\/vc_column][\/vc_row][vc_row type=&raquo;in_container&raquo; full_screen_row_position=&raquo;middle&raquo; column_margin=&raquo;default&raquo; equal_height=&raquo;yes&raquo; content_placement=&raquo;middle&raquo; column_direction=&raquo;reverse&raquo; column_direction_tablet=&raquo;default&raquo; column_direction_phone=&raquo;default&raquo; scene_position=&raquo;center&raquo; top_padding=&raquo;4%&raquo; bottom_padding=&raquo;4%&raquo; text_color=&raquo;dark&raquo; text_align=&raquo;left&raquo; row_border_radius=&raquo;none&raquo; row_border_radius_applies=&raquo;bg&raquo; overlay_strength=&raquo;0.3&#8243; gradient_direction=&raquo;left_to_right&raquo; shape_divider_position=&raquo;bottom&raquo; bg_image_animation=&raquo;none&raquo; shape_type=&raquo;&raquo;][vc_column column_padding=&raquo;no-extra-padding&raquo; column_padding_tablet=&raquo;inherit&raquo; column_padding_phone=&raquo;inherit&raquo; column_padding_position=&raquo;all&raquo; column_element_spacing=&raquo;default&raquo; background_color_opacity=&raquo;1&#8243; background_hover_color_opacity=&raquo;1&#8243; column_shadow=&raquo;none&raquo; column_border_radius=&raquo;none&raquo; column_link_target=&raquo;_self&raquo; gradient_direction=&raquo;left_to_right&raquo; overlay_strength=&raquo;0.3&#8243; width=&raquo;1\/2&#8243; tablet_width_inherit=&raquo;default&raquo; tablet_text_alignment=&raquo;default&raquo; phone_text_alignment=&raquo;default&raquo; bg_image_animation=&raquo;none&raquo; enable_animation=&raquo;true&raquo; animation=&raquo;fade-in-from-left&raquo; border_type=&raquo;simple&raquo; column_border_width=&raquo;none&raquo; column_border_style=&raquo;solid&raquo;][image_with_animation image_url=&raquo;615&#8243; animation=&raquo;Fade In&raquo; hover_animation=&raquo;none&raquo; alignment=&raquo;&raquo; border_radius=&raquo;none&raquo; box_shadow=&raquo;none&raquo; image_loading=&raquo;default&raquo; max_width=&raquo;100%&raquo; max_width_mobile=&raquo;default&raquo;][\/vc_column][vc_column column_padding=&raquo;padding-3-percent&raquo; column_padding_tablet=&raquo;inherit&raquo; column_padding_phone=&raquo;inherit&raquo; column_padding_position=&raquo;all&raquo; column_element_spacing=&raquo;default&raquo; background_color_opacity=&raquo;1&#8243; background_hover_color_opacity=&raquo;1&#8243; column_shadow=&raquo;none&raquo; column_border_radius=&raquo;none&raquo; column_link_target=&raquo;_self&raquo; gradient_direction=&raquo;left_to_right&raquo; overlay_strength=&raquo;0.3&#8243; width=&raquo;1\/2&#8243; tablet_width_inherit=&raquo;default&raquo; tablet_text_alignment=&raquo;default&raquo; phone_text_alignment=&raquo;default&raquo; bg_image_animation=&raquo;none&raquo; enable_animation=&raquo;true&raquo; animation=&raquo;fade-in-from-right&raquo; border_type=&raquo;simple&raquo; column_border_width=&raquo;none&raquo; column_border_style=&raquo;solid&raquo; delay=&raquo;300&#8243;][vc_column_text]\n<h2>FLUORISERING<\/h2>\n[\/vc_column_text][divider line_type=&raquo;Small Line&raquo; line_alignment=&raquo;default&raquo; line_thickness=&raquo;3&#8243; divider_color=&raquo;accent-color&raquo; custom_height=&raquo;40&#8243;][vc_column_text]\n<p style=\"text-align: justify;\">For pasienter med overf\u00f8lsomme tenner anbefaler vi trygg fluorisering.<\/p>\n<p style=\"text-align: justify;\">Prosedyren:<\/p>\n[\/vc_column_text][divider line_type=&raquo;No Line&raquo; custom_height=&raquo;5&#8243;]<div class=\"nectar-fancy-ul\" data-list-icon=\"fa fa-check\" data-animation=\"false\" data-animation-delay=\"0\" data-color=\"accent-color\" data-spacing=\"default\" data-alignment=\"left\"> \n<ul>\n<li>styrker emaljen og gj\u00f8r den motstandsdyktig mot syrer og bakterier som for\u00e5rsaker karies<\/li>\n<li>forebygger karies<\/li>\n<li>beskytter overf\u00f8lsomme tannhalser<\/li>\n<\/ul>\n <\/div>[\/vc_column][\/vc_row]\n","protected":false},"excerpt":{"rendered":"<p>[vc_row type=&raquo;in_container&raquo; full_screen_row_position=&raquo;middle&raquo; column_margin=&raquo;default&raquo; equal_height=&raquo;yes&raquo; content_placement=&raquo;middle&raquo; column_direction=&raquo;default&raquo; column_direction_tablet=&raquo;default&raquo; column_direction_phone=&raquo;default&raquo; scene_position=&raquo;center&raquo; top_padding=&raquo;4%&raquo; bottom_padding=&raquo;4%&raquo; text_color=&raquo;dark&raquo; text_align=&raquo;left&raquo; row_border_radius=&raquo;none&raquo; row_border_radius_applies=&raquo;bg&raquo; overlay_strength=&raquo;0.3&#8243; gradient_direction=&raquo;left_to_right&raquo; shape_divider_position=&raquo;bottom&raquo; bg_image_animation=&raquo;none&raquo; shape_type=&raquo;&raquo;][vc_column column_padding=&raquo;no-extra-padding&raquo; column_padding_tablet=&raquo;inherit&raquo; column_padding_phone=&raquo;inherit&raquo; column_padding_position=&raquo;all&raquo; column_element_spacing=&raquo;default&raquo; background_color_opacity=&raquo;1&#8243; background_hover_color_opacity=&raquo;1&#8243; column_shadow=&raquo;none&raquo; column_border_radius=&raquo;none&raquo;&#8230;<\/p>\n","protected":false},"author":1,"featured_media":0,"parent":2553,"menu_order":0,"comment_status":"closed","ping_status":"closed","template":"","meta":{"_acf_changed":false,"inline_featured_image":false,"footnotes":""},"class_list":["post-2555","page","type-page","status-publish"],"acf":[],"_links":{"self":[{"href":"https:\/\/nbdental.pl\/no\/wp-json\/wp\/v2\/pages\/2555","targetHints":{"allow":["GET"]}}],"collection":[{"href":"https:\/\/nbdental.pl\/no\/wp-json\/wp\/v2\/pages"}],"about":[{"href":"https:\/\/nbdental.pl\/no\/wp-json\/wp\/v2\/types\/page"}],"author":[{"embeddable":true,"href":"https:\/\/nbdental.pl\/no\/wp-json\/wp\/v2\/users\/1"}],"replies":[{"embeddable":true,"href":"https:\/\/nbdental.pl\/no\/wp-json\/wp\/v2\/comments?post=2555"}],"version-history":[{"count":2,"href":"https:\/\/nbdental.pl\/no\/wp-json\/wp\/v2\/pages\/2555\/revisions"}],"predecessor-version":[{"id":2628,"href":"https:\/\/nbdental.pl\/no\/wp-json\/wp\/v2\/pages\/2555\/revisions\/2628"}],"up":[{"embeddable":true,"href":"https:\/\/nbdental.pl\/no\/wp-json\/wp\/v2\/pages\/2553"}],"wp:attachment":[{"href":"https:\/\/nbdental.pl\/no\/wp-json\/wp\/v2\/media?parent=2555"}],"curies":[{"name":"wp","href":"https:\/\/api.w.org\/{rel}","templated":true}]}}