{"id":2543,"date":"2021-11-22T14:00:57","date_gmt":"2021-11-22T13:00:57","guid":{"rendered":"http:\/\/nbdental.pl\/?page_id=2543"},"modified":"2021-11-22T14:00:57","modified_gmt":"2021-11-22T13:00:57","slug":"joanna-bocko-hrynkiewicz","status":"publish","type":"page","link":"https:\/\/nbdental.pl\/no\/om-oss\/joanna-bocko-hrynkiewicz\/","title":{"rendered":"Joanna Bo\u0107ko-Hrynkiewicz"},"content":{"rendered":"[vc_row type=&raquo;in_container&raquo; full_screen_row_position=&raquo;middle&raquo; column_margin=&raquo;default&raquo; equal_height=&raquo;yes&raquo; content_placement=&raquo;middle&raquo; column_direction=&raquo;reverse&raquo; column_direction_tablet=&raquo;default&raquo; column_direction_phone=&raquo;default&raquo; scene_position=&raquo;center&raquo; top_padding=&raquo;2%&raquo; constrain_group_1=&raquo;yes&raquo; bottom_padding=&raquo;2%&raquo; text_color=&raquo;dark&raquo; text_align=&raquo;left&raquo; row_border_radius=&raquo;none&raquo; row_border_radius_applies=&raquo;bg&raquo; overlay_strength=&raquo;0.3&#8243; gradient_direction=&raquo;left_to_right&raquo; shape_divider_position=&raquo;bottom&raquo; bg_image_animation=&raquo;none&raquo; shape_type=&raquo;&raquo;][vc_column column_padding=&raquo;no-extra-padding&raquo; column_padding_tablet=&raquo;inherit&raquo; column_padding_phone=&raquo;inherit&raquo; column_padding_position=&raquo;all&raquo; column_element_spacing=&raquo;default&raquo; background_color_opacity=&raquo;1&#8243; background_hover_color_opacity=&raquo;1&#8243; column_shadow=&raquo;none&raquo; column_border_radius=&raquo;none&raquo; column_link_target=&raquo;_self&raquo; gradient_direction=&raquo;left_to_right&raquo; overlay_strength=&raquo;0.3&#8243; width=&raquo;1\/2&#8243; tablet_width_inherit=&raquo;default&raquo; tablet_text_alignment=&raquo;default&raquo; phone_text_alignment=&raquo;default&raquo; bg_image_animation=&raquo;none&raquo; border_type=&raquo;simple&raquo; column_border_width=&raquo;none&raquo; column_border_style=&raquo;solid&raquo;][image_with_animation image_url=&raquo;1265&#8243; animation=&raquo;Fade In&raquo; hover_animation=&raquo;none&raquo; alignment=&raquo;center&raquo; border_radius=&raquo;none&raquo; box_shadow=&raquo;none&raquo; image_loading=&raquo;default&raquo; max_width=&raquo;75%&raquo; max_width_mobile=&raquo;default&raquo;][\/vc_column][vc_column column_padding=&raquo;no-extra-padding&raquo; column_padding_tablet=&raquo;inherit&raquo; column_padding_phone=&raquo;inherit&raquo; column_padding_position=&raquo;all&raquo; column_element_spacing=&raquo;default&raquo; background_color_opacity=&raquo;1&#8243; background_hover_color_opacity=&raquo;1&#8243; column_shadow=&raquo;none&raquo; column_border_radius=&raquo;none&raquo; column_link_target=&raquo;_self&raquo; gradient_direction=&raquo;left_to_right&raquo; overlay_strength=&raquo;0.3&#8243; width=&raquo;1\/2&#8243; tablet_width_inherit=&raquo;default&raquo; tablet_text_alignment=&raquo;default&raquo; phone_text_alignment=&raquo;default&raquo; bg_image_animation=&raquo;none&raquo; border_type=&raquo;simple&raquo; column_border_width=&raquo;none&raquo; column_border_style=&raquo;solid&raquo;][vc_column_text]\n<h4>PASIENTSERVICEANSVARLIG<\/h4>\n[\/vc_column_text][divider line_type=&raquo;No Line&raquo; custom_height=&raquo;5&#8243;][vc_column_text]\n<h2>Joanna Bo\u0107ko-Hrynkiewicz<\/h2>\n[\/vc_column_text][divider line_type=&raquo;Small Line&raquo; line_alignment=&raquo;default&raquo; line_thickness=&raquo;3&#8243; divider_color=&raquo;accent-color&raquo; custom_height=&raquo;40&#8243;][vc_column_text]\n<p style=\"text-align: justify;\">Pasientserviceansvarlig \u2013 registreringsansvarlig \u2013 resepsjonsdame<\/p>\n<p style=\"text-align: justify;\">Utdannet logistikkspesialist, noe som i stor grad gj\u00f8r organisering av profesjonelt og hjemmearbeid enklere.<\/p>\n<p style=\"text-align: justify;\">Ansvarlig for f\u00f8rste kontakt med pasienter \u2013 \u00abkontorstemmen\u00bb i telefonr\u00f8ret. Hun er alltid til hjelp samt gir omfattende og nyttig informasjon<\/p>\n<p style=\"text-align: justify;\">Samvittighetsfull, overv\u00e5ker tiden, tar seg av tidsfrister, planlegger tannlegetimer og koordinerer hele behandlingsprosessen.<\/p>\n<p style=\"text-align: justify;\">Har ansvaret for kommunikasjon mellom en lege og en pasient. St\u00f8tter og overv\u00e5ker samarbeidet til hele teamet.<\/p>\n<p style=\"text-align: justify;\">Kone, mor til to barn \u2013 en nesten tre \u00e5r gammel datter og en ten\u00e5ringss\u00f8nn.<\/p>\n<p style=\"text-align: justify;\">\u00c5 g\u00e5 til sj\u00f8en og til fjells er det hun liker aller best \u00e5 gj\u00f8re etter jobben, som en aktiv m\u00e5te \u00e5 tilbringe fritiden med familien sin p\u00e5.<\/p>\n[\/vc_column_text][\/vc_column][\/vc_row]\n","protected":false},"excerpt":{"rendered":"<p>[vc_row type=&raquo;in_container&raquo; full_screen_row_position=&raquo;middle&raquo; column_margin=&raquo;default&raquo; equal_height=&raquo;yes&raquo; content_placement=&raquo;middle&raquo; column_direction=&raquo;reverse&raquo; column_direction_tablet=&raquo;default&raquo; column_direction_phone=&raquo;default&raquo; scene_position=&raquo;center&raquo; top_padding=&raquo;2%&raquo; constrain_group_1=&raquo;yes&raquo; bottom_padding=&raquo;2%&raquo; text_color=&raquo;dark&raquo; text_align=&raquo;left&raquo; row_border_radius=&raquo;none&raquo; row_border_radius_applies=&raquo;bg&raquo; overlay_strength=&raquo;0.3&#8243; gradient_direction=&raquo;left_to_right&raquo; shape_divider_position=&raquo;bottom&raquo; bg_image_animation=&raquo;none&raquo; shape_type=&raquo;&raquo;][vc_column column_padding=&raquo;no-extra-padding&raquo; column_padding_tablet=&raquo;inherit&raquo; column_padding_phone=&raquo;inherit&raquo; column_padding_position=&raquo;all&raquo; column_element_spacing=&raquo;default&raquo; background_color_opacity=&raquo;1&#8243; background_hover_color_opacity=&raquo;1&#8243; column_shadow=&raquo;none&raquo;&#8230;<\/p>\n","protected":false},"author":1,"featured_media":0,"parent":2053,"menu_order":0,"comment_status":"closed","ping_status":"closed","template":"","meta":{"_acf_changed":false,"inline_featured_image":false,"footnotes":""},"class_list":["post-2543","page","type-page","status-publish"],"acf":[],"_links":{"self":[{"href":"https:\/\/nbdental.pl\/no\/wp-json\/wp\/v2\/pages\/2543","targetHints":{"allow":["GET"]}}],"collection":[{"href":"https:\/\/nbdental.pl\/no\/wp-json\/wp\/v2\/pages"}],"about":[{"href":"https:\/\/nbdental.pl\/no\/wp-json\/wp\/v2\/types\/page"}],"author":[{"embeddable":true,"href":"https:\/\/nbdental.pl\/no\/wp-json\/wp\/v2\/users\/1"}],"replies":[{"embeddable":true,"href":"https:\/\/nbdental.pl\/no\/wp-json\/wp\/v2\/comments?post=2543"}],"version-history":[{"count":1,"href":"https:\/\/nbdental.pl\/no\/wp-json\/wp\/v2\/pages\/2543\/revisions"}],"predecessor-version":[{"id":2544,"href":"https:\/\/nbdental.pl\/no\/wp-json\/wp\/v2\/pages\/2543\/revisions\/2544"}],"up":[{"embeddable":true,"href":"https:\/\/nbdental.pl\/no\/wp-json\/wp\/v2\/pages\/2053"}],"wp:attachment":[{"href":"https:\/\/nbdental.pl\/no\/wp-json\/wp\/v2\/media?parent=2543"}],"curies":[{"name":"wp","href":"https:\/\/api.w.org\/{rel}","templated":true}]}}