{"id":1979,"date":"2021-11-19T11:37:15","date_gmt":"2021-11-19T10:37:15","guid":{"rendered":"http:\/\/nbdental.pl\/?page_id=1979"},"modified":"2021-11-23T12:05:04","modified_gmt":"2021-11-23T11:05:04","slug":"prothetik","status":"publish","type":"page","link":"https:\/\/nbdental.pl\/de\/fachgebiete\/prothetik\/","title":{"rendered":"Prothetik"},"content":{"rendered":"[vc_row type=&#8220;in_container&#8220; full_screen_row_position=&#8220;middle&#8220; column_margin=&#8220;default&#8220; equal_height=&#8220;yes&#8220; content_placement=&#8220;middle&#8220; column_direction=&#8220;default&#8220; column_direction_tablet=&#8220;default&#8220; column_direction_phone=&#8220;default&#8220; scene_position=&#8220;center&#8220; top_padding=&#8220;4%&#8220; bottom_padding=&#8220;4%&#8220; text_color=&#8220;dark&#8220; text_align=&#8220;left&#8220; row_border_radius=&#8220;none&#8220; row_border_radius_applies=&#8220;bg&#8220; overlay_strength=&#8220;0.3&#8243; gradient_direction=&#8220;left_to_right&#8220; shape_divider_position=&#8220;bottom&#8220; bg_image_animation=&#8220;none&#8220; shape_type=&#8220;&#8220;][vc_column column_padding=&#8220;no-extra-padding&#8220; column_padding_tablet=&#8220;inherit&#8220; column_padding_phone=&#8220;inherit&#8220; column_padding_position=&#8220;all&#8220; column_element_spacing=&#8220;default&#8220; background_color_opacity=&#8220;1&#8243; background_hover_color_opacity=&#8220;1&#8243; column_shadow=&#8220;none&#8220; column_border_radius=&#8220;none&#8220; column_link_target=&#8220;_self&#8220; gradient_direction=&#8220;left_to_right&#8220; overlay_strength=&#8220;0.3&#8243; width=&#8220;1\/2&#8243; tablet_width_inherit=&#8220;default&#8220; tablet_text_alignment=&#8220;default&#8220; phone_text_alignment=&#8220;default&#8220; bg_image_animation=&#8220;none&#8220; enable_animation=&#8220;true&#8220; animation=&#8220;fade-in-from-left&#8220; border_type=&#8220;simple&#8220; column_border_width=&#8220;none&#8220; column_border_style=&#8220;solid&#8220;][image_with_animation image_url=&#8220;672&#8243; animation=&#8220;Fade In&#8220; hover_animation=&#8220;none&#8220; alignment=&#8220;&#8220; border_radius=&#8220;none&#8220; box_shadow=&#8220;none&#8220; image_loading=&#8220;default&#8220; max_width=&#8220;100%&#8220; max_width_mobile=&#8220;default&#8220;][\/vc_column][vc_column column_padding=&#8220;padding-3-percent&#8220; column_padding_tablet=&#8220;inherit&#8220; column_padding_phone=&#8220;inherit&#8220; column_padding_position=&#8220;all&#8220; column_element_spacing=&#8220;default&#8220; background_color_opacity=&#8220;1&#8243; background_hover_color_opacity=&#8220;1&#8243; column_shadow=&#8220;none&#8220; column_border_radius=&#8220;none&#8220; column_link_target=&#8220;_self&#8220; gradient_direction=&#8220;left_to_right&#8220; overlay_strength=&#8220;0.3&#8243; width=&#8220;1\/2&#8243; tablet_width_inherit=&#8220;default&#8220; tablet_text_alignment=&#8220;default&#8220; phone_text_alignment=&#8220;default&#8220; bg_image_animation=&#8220;none&#8220; enable_animation=&#8220;true&#8220; animation=&#8220;fade-in-from-right&#8220; border_type=&#8220;simple&#8220; column_border_width=&#8220;none&#8220; column_border_style=&#8220;solid&#8220; delay=&#8220;300&#8243;][vc_column_text]\n<h1>UMFASSENDE PROTHETISCHE VERSORGUNG<\/h1>\n[\/vc_column_text][vc_column_text]\n<h3>H\u00d6CHSTE QUALIT\u00c4T UND LANGFRISTIGE ERGEBNISSE<\/h3>\n[\/vc_column_text][divider line_type=&#8220;Small Line&#8220; line_alignment=&#8220;default&#8220; line_thickness=&#8220;3&#8243; divider_color=&#8220;accent-color&#8220; custom_height=&#8220;40&#8243;][vc_column_text]\n<p style=\"text-align: justify;\">Die Qualit\u00e4t der prothetischen Versorgung, das nat\u00fcrliche und \u00e4sthetische Aussehen und die Haltbarkeit der gew\u00e4hlten Methoden bestimmen den Komfort des t\u00e4glichen Lebens des Patienten.<\/p>\n<p style=\"text-align: justify;\">Die Arbeitsresultaten unseres Teams \u2013 vor allem Vollkeramik ohne Metall \u2013 unterscheiden sich optisch nicht von echten Z\u00e4hnen des Patienten.<\/p>\n[\/vc_column_text][\/vc_column][\/vc_row][vc_row type=&#8220;in_container&#8220; full_screen_row_position=&#8220;middle&#8220; column_margin=&#8220;default&#8220; equal_height=&#8220;yes&#8220; content_placement=&#8220;middle&#8220; column_direction=&#8220;reverse&#8220; column_direction_tablet=&#8220;default&#8220; column_direction_phone=&#8220;default&#8220; scene_position=&#8220;center&#8220; top_padding=&#8220;4%&#8220; bottom_padding=&#8220;4%&#8220; text_color=&#8220;dark&#8220; text_align=&#8220;left&#8220; row_border_radius=&#8220;none&#8220; row_border_radius_applies=&#8220;bg&#8220; overlay_strength=&#8220;0.3&#8243; gradient_direction=&#8220;left_to_right&#8220; shape_divider_position=&#8220;bottom&#8220; bg_image_animation=&#8220;none&#8220; shape_type=&#8220;&#8220;][vc_column column_padding=&#8220;no-extra-padding&#8220; column_padding_tablet=&#8220;inherit&#8220; column_padding_phone=&#8220;inherit&#8220; column_padding_position=&#8220;all&#8220; column_element_spacing=&#8220;default&#8220; background_color_opacity=&#8220;1&#8243; background_hover_color_opacity=&#8220;1&#8243; column_shadow=&#8220;none&#8220; column_border_radius=&#8220;none&#8220; column_link_target=&#8220;_self&#8220; gradient_direction=&#8220;left_to_right&#8220; overlay_strength=&#8220;0.3&#8243; width=&#8220;1\/2&#8243; tablet_width_inherit=&#8220;default&#8220; tablet_text_alignment=&#8220;default&#8220; phone_text_alignment=&#8220;default&#8220; bg_image_animation=&#8220;none&#8220; enable_animation=&#8220;true&#8220; animation=&#8220;fade-in-from-left&#8220; border_type=&#8220;simple&#8220; column_border_width=&#8220;none&#8220; column_border_style=&#8220;solid&#8220;][image_with_animation image_url=&#8220;669&#8243; animation=&#8220;Fade In&#8220; hover_animation=&#8220;none&#8220; alignment=&#8220;&#8220; border_radius=&#8220;none&#8220; box_shadow=&#8220;none&#8220; image_loading=&#8220;default&#8220; max_width=&#8220;100%&#8220; max_width_mobile=&#8220;default&#8220;][\/vc_column][vc_column column_padding=&#8220;padding-3-percent&#8220; column_padding_tablet=&#8220;inherit&#8220; column_padding_phone=&#8220;inherit&#8220; column_padding_position=&#8220;all&#8220; column_element_spacing=&#8220;default&#8220; background_color_opacity=&#8220;1&#8243; background_hover_color_opacity=&#8220;1&#8243; column_shadow=&#8220;none&#8220; column_border_radius=&#8220;none&#8220; column_link_target=&#8220;_self&#8220; gradient_direction=&#8220;left_to_right&#8220; overlay_strength=&#8220;0.3&#8243; width=&#8220;1\/2&#8243; tablet_width_inherit=&#8220;default&#8220; tablet_text_alignment=&#8220;default&#8220; phone_text_alignment=&#8220;default&#8220; bg_image_animation=&#8220;none&#8220; enable_animation=&#8220;true&#8220; animation=&#8220;fade-in-from-right&#8220; border_type=&#8220;simple&#8220; column_border_width=&#8220;none&#8220; column_border_style=&#8220;solid&#8220; delay=&#8220;300&#8243;][vc_column_text]\n<h1>PROTHETIK<\/h1>\n[\/vc_column_text][vc_column_text]\n<h3>KOMFORT UND NAT\u00dcRLICHES AUSSEHEN<\/h3>\n[\/vc_column_text][divider line_type=&#8220;Small Line&#8220; line_alignment=&#8220;default&#8220; line_thickness=&#8220;3&#8243; divider_color=&#8220;accent-color&#8220; custom_height=&#8220;40&#8243;][vc_column_text]\n<p style=\"text-align: justify;\">Die Zahnprothetik befasst sich mit dem Ersetzen fehlender Z\u00e4hne, der Wiederherstellung ihrer korrekten Stellung und ihrer Form, der Korrektur von Verf\u00e4rbungen und der Rekonstruktion abgebrochener Z\u00e4hne.<\/p>\n<p style=\"text-align: justify;\">Wir halten uns an die h\u00f6chsten Standards, indem wir in unserer t\u00e4glichen Arbeit die neuesten technologischen L\u00f6sungen verwenden und auf dem an das Gesichts des Patienten angepassten Projekt des L\u00e4chelns basieren.<\/p>\n<p style=\"text-align: justify;\">Unsere Praxis ist mit einem professionellen Fotostudio ausgestattet, wodurch wir unseren Patienten sowohl Komfort als auch hervorragende \u00e4sthetische Effekte bieten k\u00f6nnen.<\/p>\n[\/vc_column_text][\/vc_column][\/vc_row][vc_row type=&#8220;full_width_background&#8220; full_screen_row_position=&#8220;middle&#8220; column_margin=&#8220;none&#8220; column_direction=&#8220;default&#8220; column_direction_tablet=&#8220;default&#8220; column_direction_phone=&#8220;default&#8220; bg_color=&#8220;#f4f4f4&#8243; scene_position=&#8220;center&#8220; top_padding=&#8220;4%&#8220; constrain_group_1=&#8220;yes&#8220; bottom_padding=&#8220;4%&#8220; text_color=&#8220;custom&#8220; text_align=&#8220;left&#8220; row_border_radius=&#8220;none&#8220; row_border_radius_applies=&#8220;bg&#8220; overlay_strength=&#8220;0.3&#8243; gradient_direction=&#8220;left_to_right&#8220; shape_divider_color=&#8220;#ffffff&#8220; shape_divider_position=&#8220;bottom&#8220; bg_image_animation=&#8220;none&#8220; shape_type=&#8220;straight_section&#8220;][vc_column column_padding=&#8220;no-extra-padding&#8220; column_padding_tablet=&#8220;inherit&#8220; column_padding_phone=&#8220;inherit&#8220; column_padding_position=&#8220;top-bottom&#8220; column_element_spacing=&#8220;0px&#8220; background_color_opacity=&#8220;1&#8243; background_hover_color_opacity=&#8220;1&#8243; column_shadow=&#8220;none&#8220; column_border_radius=&#8220;none&#8220; column_link_target=&#8220;_self&#8220; gradient_direction=&#8220;radial&#8220; overlay_strength=&#8220;0.3&#8243; width=&#8220;1\/1&#8243; tablet_width_inherit=&#8220;default&#8220; tablet_text_alignment=&#8220;default&#8220; phone_text_alignment=&#8220;default&#8220; bg_image_animation=&#8220;none&#8220; border_type=&#8220;simple&#8220; column_border_width=&#8220;none&#8220; column_border_style=&#8220;solid&#8220;][vc_row_inner column_margin=&#8220;default&#8220; column_direction=&#8220;default&#8220; column_direction_tablet=&#8220;default&#8220; column_direction_phone=&#8220;default&#8220; left_padding_desktop=&#8220;3%&#8220; constrain_group_2=&#8220;yes&#8220; right_padding_desktop=&#8220;3%&#8220; text_align=&#8220;left&#8220;][vc_column_inner column_padding=&#8220;no-extra-padding&#8220; column_padding_tablet=&#8220;inherit&#8220; column_padding_phone=&#8220;inherit&#8220; column_padding_position=&#8220;all&#8220; column_element_spacing=&#8220;0px&#8220; centered_text=&#8220;true&#8220; background_color_opacity=&#8220;1&#8243; background_hover_color_opacity=&#8220;1&#8243; column_shadow=&#8220;none&#8220; column_border_radius=&#8220;none&#8220; column_link_target=&#8220;_self&#8220; gradient_direction=&#8220;left_to_right&#8220; overlay_strength=&#8220;0.3&#8243; width=&#8220;1\/1&#8243; tablet_width_inherit=&#8220;default&#8220; bg_image_animation=&#8220;none&#8220; enable_animation=&#8220;true&#8220; animation=&#8220;grow-in&#8220; border_type=&#8220;simple&#8220; column_border_width=&#8220;none&#8220; column_border_style=&#8220;solid&#8220;][vc_custom_heading text=&#8220;KLASSISCHE PROTHETISCHE METHODEN&#8220; font_container=&#8220;tag:h3|text_align:center&#8220; use_theme_fonts=&#8220;yes&#8220;][vc_custom_heading text=&#8220;BEW\u00c4HRTE L\u00d6SUNGEN&#8220; font_container=&#8220;tag:h3|text_align:center&#8220; use_theme_fonts=&#8220;yes&#8220;][divider line_type=&#8220;Small Line&#8220; line_alignment=&#8220;default&#8220; line_thickness=&#8220;3&#8243; divider_color=&#8220;accent-color&#8220; custom_height=&#8220;40&#8243;][vc_column_text]\n<h4 style=\"text-align: center;\">WISSEN SIE, DASS&#8230;<\/h4>\n[\/vc_column_text][divider line_type=&#8220;No Line&#8220; custom_height=&#8220;20&#8243;][vc_column_text]\n<p style=\"text-align: center;\">&#8230;fehlende Z\u00e4hne f\u00fcr eine korrekte Okklusion so schnell wie m\u00f6glich ersetzt werden sollen, weil das Verschieben des Problems &#8222;auf sp\u00e4ter&#8220; sehr schwerwiegende Folgen haben kann, wie z. B. \u00dcberlastung und Lockerung der Nachbarz\u00e4hne, Funktionsst\u00f6rungen der Kiefergelenke oder eine Verformung der Alveolarfortsatzes.<\/p>\n[\/vc_column_text][\/vc_column_inner][\/vc_row_inner][\/vc_column][\/vc_row][vc_row type=&#8220;in_container&#8220; full_screen_row_position=&#8220;middle&#8220; column_margin=&#8220;default&#8220; equal_height=&#8220;yes&#8220; content_placement=&#8220;middle&#8220; column_direction=&#8220;default&#8220; column_direction_tablet=&#8220;default&#8220; column_direction_phone=&#8220;default&#8220; scene_position=&#8220;center&#8220; top_padding=&#8220;4%&#8220; bottom_padding=&#8220;4%&#8220; text_color=&#8220;dark&#8220; text_align=&#8220;left&#8220; row_border_radius=&#8220;none&#8220; row_border_radius_applies=&#8220;bg&#8220; overlay_strength=&#8220;0.3&#8243; gradient_direction=&#8220;left_to_right&#8220; shape_divider_position=&#8220;bottom&#8220; bg_image_animation=&#8220;none&#8220; shape_type=&#8220;&#8220;][vc_column column_padding=&#8220;no-extra-padding&#8220; column_padding_tablet=&#8220;inherit&#8220; column_padding_phone=&#8220;inherit&#8220; column_padding_position=&#8220;all&#8220; column_element_spacing=&#8220;default&#8220; background_color_opacity=&#8220;1&#8243; background_hover_color_opacity=&#8220;1&#8243; column_shadow=&#8220;none&#8220; column_border_radius=&#8220;none&#8220; column_link_target=&#8220;_self&#8220; gradient_direction=&#8220;left_to_right&#8220; overlay_strength=&#8220;0.3&#8243; width=&#8220;1\/2&#8243; tablet_width_inherit=&#8220;default&#8220; tablet_text_alignment=&#8220;default&#8220; phone_text_alignment=&#8220;default&#8220; bg_image_animation=&#8220;none&#8220; enable_animation=&#8220;true&#8220; animation=&#8220;fade-in-from-left&#8220; border_type=&#8220;simple&#8220; column_border_width=&#8220;none&#8220; column_border_style=&#8220;solid&#8220;][image_with_animation image_url=&#8220;670&#8243; animation=&#8220;Fade In&#8220; hover_animation=&#8220;none&#8220; alignment=&#8220;&#8220; border_radius=&#8220;none&#8220; box_shadow=&#8220;none&#8220; image_loading=&#8220;default&#8220; max_width=&#8220;100%&#8220; max_width_mobile=&#8220;default&#8220;][\/vc_column][vc_column column_padding=&#8220;padding-3-percent&#8220; column_padding_tablet=&#8220;inherit&#8220; column_padding_phone=&#8220;inherit&#8220; column_padding_position=&#8220;all&#8220; column_element_spacing=&#8220;default&#8220; background_color_opacity=&#8220;1&#8243; background_hover_color_opacity=&#8220;1&#8243; column_shadow=&#8220;none&#8220; column_border_radius=&#8220;none&#8220; column_link_target=&#8220;_self&#8220; gradient_direction=&#8220;left_to_right&#8220; overlay_strength=&#8220;0.3&#8243; width=&#8220;1\/2&#8243; tablet_width_inherit=&#8220;default&#8220; tablet_text_alignment=&#8220;default&#8220; phone_text_alignment=&#8220;default&#8220; bg_image_animation=&#8220;none&#8220; enable_animation=&#8220;true&#8220; animation=&#8220;fade-in-from-right&#8220; border_type=&#8220;simple&#8220; column_border_width=&#8220;none&#8220; column_border_style=&#8220;solid&#8220; delay=&#8220;300&#8243;][vc_column_text]\n<h2>VENEERS UND VOLLKERAMIKKRONEN<\/h2>\n[\/vc_column_text][vc_column_text]\n<h4>\u00c4NDERUNG DER FORM UND DER STELUNG | KORREKTUR VON VERF\u00c4RBUNGEN<\/h4>\n[\/vc_column_text][divider line_type=&#8220;Small Line&#8220; line_alignment=&#8220;default&#8220; line_thickness=&#8220;3&#8243; divider_color=&#8220;accent-color&#8220; custom_height=&#8220;40&#8243;][vc_column_text]\n<p style=\"text-align: justify;\">Veneers und Kronen sind pr\u00e4zise und \u00e4sthetische keramische Versorgungen, die unter Laborbedingungen auf der Grundlage eines Zahnabdrucks hergestellt werden.<\/p>\n<p style=\"text-align: justify;\">Wenn der Patient keine Zahnspange tragen kann, stellen Kronen oder Veneers die beste L\u00f6sung dar, da sie wirksam beseitigen u.a.:<\/p>\n[\/vc_column_text][divider line_type=&#8220;No Line&#8220; custom_height=&#8220;5&#8243;]<div class=\"nectar-fancy-ul\" data-list-icon=\"fa fa-check\" data-animation=\"false\" data-animation-delay=\"0\" data-color=\"accent-color\" data-spacing=\"default\" data-alignment=\"left\"> \n<ul>\n<li style=\"text-align: justify;\">Verf\u00e4rbungen und andere \u00e4sthetische M\u00e4ngel<\/li>\n<li style=\"text-align: justify;\">Fehlstellungen von Z\u00e4hnen<\/li>\n<li style=\"text-align: justify;\">Absplitterungen oder offene Zahnzwischenr\u00e4ume<\/li>\n<\/ul>\n <\/div>[\/vc_column][\/vc_row][vc_row type=&#8220;in_container&#8220; full_screen_row_position=&#8220;middle&#8220; column_margin=&#8220;default&#8220; equal_height=&#8220;yes&#8220; content_placement=&#8220;middle&#8220; column_direction=&#8220;reverse&#8220; column_direction_tablet=&#8220;default&#8220; column_direction_phone=&#8220;default&#8220; scene_position=&#8220;center&#8220; top_padding=&#8220;4%&#8220; bottom_padding=&#8220;4%&#8220; text_color=&#8220;dark&#8220; text_align=&#8220;left&#8220; row_border_radius=&#8220;none&#8220; row_border_radius_applies=&#8220;bg&#8220; overlay_strength=&#8220;0.3&#8243; gradient_direction=&#8220;left_to_right&#8220; shape_divider_position=&#8220;bottom&#8220; bg_image_animation=&#8220;none&#8220; shape_type=&#8220;&#8220;][vc_column column_padding=&#8220;no-extra-padding&#8220; column_padding_tablet=&#8220;inherit&#8220; column_padding_phone=&#8220;inherit&#8220; column_padding_position=&#8220;all&#8220; column_element_spacing=&#8220;default&#8220; background_color_opacity=&#8220;1&#8243; background_hover_color_opacity=&#8220;1&#8243; column_shadow=&#8220;none&#8220; column_border_radius=&#8220;none&#8220; column_link_target=&#8220;_self&#8220; gradient_direction=&#8220;left_to_right&#8220; overlay_strength=&#8220;0.3&#8243; width=&#8220;1\/2&#8243; tablet_width_inherit=&#8220;default&#8220; tablet_text_alignment=&#8220;default&#8220; phone_text_alignment=&#8220;default&#8220; bg_image_animation=&#8220;none&#8220; enable_animation=&#8220;true&#8220; animation=&#8220;fade-in-from-left&#8220; border_type=&#8220;simple&#8220; column_border_width=&#8220;none&#8220; column_border_style=&#8220;solid&#8220;][image_with_animation image_url=&#8220;671&#8243; animation=&#8220;Fade In&#8220; hover_animation=&#8220;none&#8220; alignment=&#8220;&#8220; border_radius=&#8220;none&#8220; box_shadow=&#8220;none&#8220; image_loading=&#8220;default&#8220; max_width=&#8220;100%&#8220; max_width_mobile=&#8220;default&#8220;][\/vc_column][vc_column column_padding=&#8220;padding-3-percent&#8220; column_padding_tablet=&#8220;inherit&#8220; column_padding_phone=&#8220;inherit&#8220; column_padding_position=&#8220;all&#8220; column_element_spacing=&#8220;default&#8220; background_color_opacity=&#8220;1&#8243; background_hover_color_opacity=&#8220;1&#8243; column_shadow=&#8220;none&#8220; column_border_radius=&#8220;none&#8220; column_link_target=&#8220;_self&#8220; gradient_direction=&#8220;left_to_right&#8220; overlay_strength=&#8220;0.3&#8243; width=&#8220;1\/2&#8243; tablet_width_inherit=&#8220;default&#8220; tablet_text_alignment=&#8220;default&#8220; phone_text_alignment=&#8220;default&#8220; bg_image_animation=&#8220;none&#8220; enable_animation=&#8220;true&#8220; animation=&#8220;fade-in-from-right&#8220; border_type=&#8220;simple&#8220; column_border_width=&#8220;none&#8220; column_border_style=&#8220;solid&#8220; delay=&#8220;300&#8243;][vc_column_text]\n<h2>BR\u00dcCKEN UND PROTHESEN<\/h2>\n[\/vc_column_text][divider line_type=&#8220;Small Line&#8220; line_alignment=&#8220;default&#8220; line_thickness=&#8220;3&#8243; divider_color=&#8220;accent-color&#8220; custom_height=&#8220;40&#8243;][vc_column_text]\n<p style=\"text-align: justify;\">Die prothetischen Br\u00fccken werden an den eigenen Z\u00e4hnen oder den Implantaten des Patienten befestigt. F\u00fcr eine traditionelle prothetische Br\u00fccke m\u00fcssen die die L\u00fccke umgebenden Pfeilerz\u00e4hne, auf den die Br\u00fccke befestigt wird, beschliffen werden.<\/p>\n<p style=\"text-align: justify;\">In vielen F\u00e4llen, wenn mehrere Z\u00e4hne fehlen, ist es jedoch nicht m\u00f6glich, umfangreiche Zahnl\u00fccken durch Br\u00fccken zu ersetzen. In solchen Situationen bieten wir verschiedene Arten von herausnehmbarem Zahnersatz oder die komfortabelste Implantatbehandlung zur dauerhaften Fixierung der &#8222;neuen Z\u00e4hne&#8220; an.<\/p>\n[\/vc_column_text][\/vc_column][\/vc_row][vc_row type=&#8220;in_container&#8220; full_screen_row_position=&#8220;middle&#8220; column_margin=&#8220;default&#8220; equal_height=&#8220;yes&#8220; content_placement=&#8220;middle&#8220; column_direction=&#8220;default&#8220; column_direction_tablet=&#8220;default&#8220; column_direction_phone=&#8220;default&#8220; scene_position=&#8220;center&#8220; top_padding=&#8220;4%&#8220; bottom_padding=&#8220;4%&#8220; text_color=&#8220;dark&#8220; text_align=&#8220;left&#8220; row_border_radius=&#8220;none&#8220; row_border_radius_applies=&#8220;bg&#8220; overlay_strength=&#8220;0.3&#8243; gradient_direction=&#8220;left_to_right&#8220; shape_divider_position=&#8220;bottom&#8220; bg_image_animation=&#8220;none&#8220; shape_type=&#8220;&#8220;][vc_column column_padding=&#8220;no-extra-padding&#8220; column_padding_tablet=&#8220;inherit&#8220; column_padding_phone=&#8220;inherit&#8220; column_padding_position=&#8220;all&#8220; column_element_spacing=&#8220;default&#8220; background_color_opacity=&#8220;1&#8243; background_hover_color_opacity=&#8220;1&#8243; column_shadow=&#8220;none&#8220; column_border_radius=&#8220;none&#8220; column_link_target=&#8220;_self&#8220; gradient_direction=&#8220;left_to_right&#8220; overlay_strength=&#8220;0.3&#8243; width=&#8220;1\/2&#8243; tablet_width_inherit=&#8220;default&#8220; tablet_text_alignment=&#8220;default&#8220; phone_text_alignment=&#8220;default&#8220; bg_image_animation=&#8220;none&#8220; enable_animation=&#8220;true&#8220; animation=&#8220;fade-in-from-left&#8220; border_type=&#8220;simple&#8220; column_border_width=&#8220;none&#8220; column_border_style=&#8220;solid&#8220;][image_with_animation image_url=&#8220;673&#8243; animation=&#8220;Fade In&#8220; hover_animation=&#8220;none&#8220; alignment=&#8220;&#8220; border_radius=&#8220;none&#8220; box_shadow=&#8220;none&#8220; image_loading=&#8220;default&#8220; max_width=&#8220;100%&#8220; max_width_mobile=&#8220;default&#8220;][\/vc_column][vc_column column_padding=&#8220;padding-3-percent&#8220; column_padding_tablet=&#8220;inherit&#8220; column_padding_phone=&#8220;inherit&#8220; column_padding_position=&#8220;all&#8220; column_element_spacing=&#8220;default&#8220; background_color_opacity=&#8220;1&#8243; background_hover_color_opacity=&#8220;1&#8243; column_shadow=&#8220;none&#8220; column_border_radius=&#8220;none&#8220; column_link_target=&#8220;_self&#8220; gradient_direction=&#8220;left_to_right&#8220; overlay_strength=&#8220;0.3&#8243; width=&#8220;1\/2&#8243; tablet_width_inherit=&#8220;default&#8220; tablet_text_alignment=&#8220;default&#8220; phone_text_alignment=&#8220;default&#8220; bg_image_animation=&#8220;none&#8220; enable_animation=&#8220;true&#8220; animation=&#8220;fade-in-from-right&#8220; border_type=&#8220;simple&#8220; column_border_width=&#8220;none&#8220; column_border_style=&#8220;solid&#8220; delay=&#8220;300&#8243;][vc_column_text]\n<h2>INDIVIDUELLE PROTHETIK<\/h2>\n[\/vc_column_text][vc_column_text]\n<h4>MASSGESCHNEIDERTE L\u00d6SUNG<\/h4>\n[\/vc_column_text][divider line_type=&#8220;Small Line&#8220; line_alignment=&#8220;default&#8220; line_thickness=&#8220;3&#8243; divider_color=&#8220;accent-color&#8220; custom_height=&#8220;40&#8243;][vc_column_text]\n<p style=\"text-align: justify;\">Unter Ber\u00fccksichtigung aller f\u00fcr Patienten wichtigen Aspekte schlagen wir stets optimale L\u00f6sungen vor und besprechen diese ausf\u00fchrlich mit unseren Patienten, wobei wir auch unsere beispielhaften Arbeitsergebnisse pr\u00e4sentieren.<\/p>\n<p style=\"text-align: justify;\">In NB Dental Clinic bieten wir stets L\u00f6sungen an, die auf die individuellen Bed\u00fcrfnisse unserer Patienten zugeschnitten sind und hervorragende \u00e4sthetische Resultate garantieren.<\/p>\n[\/vc_column_text][\/vc_column][\/vc_row]\n","protected":false},"excerpt":{"rendered":"<p>[vc_row type=&#8220;in_container&#8220; full_screen_row_position=&#8220;middle&#8220; column_margin=&#8220;default&#8220; equal_height=&#8220;yes&#8220; content_placement=&#8220;middle&#8220; column_direction=&#8220;default&#8220; column_direction_tablet=&#8220;default&#8220; column_direction_phone=&#8220;default&#8220; scene_position=&#8220;center&#8220; top_padding=&#8220;4%&#8220; bottom_padding=&#8220;4%&#8220; text_color=&#8220;dark&#8220; text_align=&#8220;left&#8220; row_border_radius=&#8220;none&#8220; row_border_radius_applies=&#8220;bg&#8220; overlay_strength=&#8220;0.3&#8243; gradient_direction=&#8220;left_to_right&#8220; shape_divider_position=&#8220;bottom&#8220; bg_image_animation=&#8220;none&#8220; shape_type=&#8220;&#8220;][vc_column column_padding=&#8220;no-extra-padding&#8220; column_padding_tablet=&#8220;inherit&#8220; column_padding_phone=&#8220;inherit&#8220; column_padding_position=&#8220;all&#8220; column_element_spacing=&#8220;default&#8220; background_color_opacity=&#8220;1&#8243; background_hover_color_opacity=&#8220;1&#8243; column_shadow=&#8220;none&#8220; column_border_radius=&#8220;none&#8220;&#8230;<\/p>\n","protected":false},"author":1,"featured_media":0,"parent":1972,"menu_order":0,"comment_status":"closed","ping_status":"closed","template":"","meta":{"_acf_changed":false,"inline_featured_image":false,"footnotes":""},"class_list":["post-1979","page","type-page","status-publish"],"acf":[],"_links":{"self":[{"href":"https:\/\/nbdental.pl\/de\/wp-json\/wp\/v2\/pages\/1979","targetHints":{"allow":["GET"]}}],"collection":[{"href":"https:\/\/nbdental.pl\/de\/wp-json\/wp\/v2\/pages"}],"about":[{"href":"https:\/\/nbdental.pl\/de\/wp-json\/wp\/v2\/types\/page"}],"author":[{"embeddable":true,"href":"https:\/\/nbdental.pl\/de\/wp-json\/wp\/v2\/users\/1"}],"replies":[{"embeddable":true,"href":"https:\/\/nbdental.pl\/de\/wp-json\/wp\/v2\/comments?post=1979"}],"version-history":[{"count":2,"href":"https:\/\/nbdental.pl\/de\/wp-json\/wp\/v2\/pages\/1979\/revisions"}],"predecessor-version":[{"id":2615,"href":"https:\/\/nbdental.pl\/de\/wp-json\/wp\/v2\/pages\/1979\/revisions\/2615"}],"up":[{"embeddable":true,"href":"https:\/\/nbdental.pl\/de\/wp-json\/wp\/v2\/pages\/1972"}],"wp:attachment":[{"href":"https:\/\/nbdental.pl\/de\/wp-json\/wp\/v2\/media?parent=1979"}],"curies":[{"name":"wp","href":"https:\/\/api.w.org\/{rel}","templated":true}]}}