{"id":1964,"date":"2021-11-18T16:45:56","date_gmt":"2021-11-18T15:45:56","guid":{"rendered":"http:\/\/nbdental.pl\/?page_id=1964"},"modified":"2021-11-18T16:45:56","modified_gmt":"2021-11-18T15:45:56","slug":"wiktoria-gabrysiak","status":"publish","type":"page","link":"https:\/\/nbdental.pl\/de\/ueber-uns\/wiktoria-gabrysiak\/","title":{"rendered":"Wiktoria Gabrysiak"},"content":{"rendered":"[vc_row type=&#8220;in_container&#8220; full_screen_row_position=&#8220;middle&#8220; column_margin=&#8220;default&#8220; equal_height=&#8220;yes&#8220; content_placement=&#8220;middle&#8220; column_direction=&#8220;reverse&#8220; column_direction_tablet=&#8220;default&#8220; column_direction_phone=&#8220;default&#8220; scene_position=&#8220;center&#8220; top_padding=&#8220;2%&#8220; constrain_group_1=&#8220;yes&#8220; bottom_padding=&#8220;2%&#8220; text_color=&#8220;dark&#8220; text_align=&#8220;left&#8220; row_border_radius=&#8220;none&#8220; row_border_radius_applies=&#8220;bg&#8220; overlay_strength=&#8220;0.3&#8243; gradient_direction=&#8220;left_to_right&#8220; shape_divider_position=&#8220;bottom&#8220; bg_image_animation=&#8220;none&#8220; shape_type=&#8220;&#8220;][vc_column column_padding=&#8220;no-extra-padding&#8220; column_padding_tablet=&#8220;inherit&#8220; column_padding_phone=&#8220;inherit&#8220; column_padding_position=&#8220;all&#8220; column_element_spacing=&#8220;default&#8220; background_color_opacity=&#8220;1&#8243; background_hover_color_opacity=&#8220;1&#8243; column_shadow=&#8220;none&#8220; column_border_radius=&#8220;none&#8220; column_link_target=&#8220;_self&#8220; gradient_direction=&#8220;left_to_right&#8220; overlay_strength=&#8220;0.3&#8243; width=&#8220;1\/2&#8243; tablet_width_inherit=&#8220;default&#8220; tablet_text_alignment=&#8220;default&#8220; phone_text_alignment=&#8220;default&#8220; bg_image_animation=&#8220;none&#8220; border_type=&#8220;simple&#8220; column_border_width=&#8220;none&#8220; column_border_style=&#8220;solid&#8220;][image_with_animation image_url=&#8220;1271&#8243; animation=&#8220;Fade In&#8220; hover_animation=&#8220;none&#8220; alignment=&#8220;center&#8220; border_radius=&#8220;none&#8220; box_shadow=&#8220;none&#8220; image_loading=&#8220;default&#8220; max_width=&#8220;75%&#8220; max_width_mobile=&#8220;default&#8220;][\/vc_column][vc_column column_padding=&#8220;no-extra-padding&#8220; column_padding_tablet=&#8220;inherit&#8220; column_padding_phone=&#8220;inherit&#8220; column_padding_position=&#8220;all&#8220; column_element_spacing=&#8220;default&#8220; background_color_opacity=&#8220;1&#8243; background_hover_color_opacity=&#8220;1&#8243; column_shadow=&#8220;none&#8220; column_border_radius=&#8220;none&#8220; column_link_target=&#8220;_self&#8220; gradient_direction=&#8220;left_to_right&#8220; overlay_strength=&#8220;0.3&#8243; width=&#8220;1\/2&#8243; tablet_width_inherit=&#8220;default&#8220; tablet_text_alignment=&#8220;default&#8220; phone_text_alignment=&#8220;default&#8220; bg_image_animation=&#8220;none&#8220; border_type=&#8220;simple&#8220; column_border_width=&#8220;none&#8220; column_border_style=&#8220;solid&#8220;][vc_column_text]\n<h4>ZAHNMEDIZINISCHE FACHANGESTELLTE<\/h4>\n[\/vc_column_text][divider line_type=&#8220;No Line&#8220; custom_height=&#8220;5&#8243;][vc_column_text]\n<h2>Wiktoria Gabrysiak<\/h2>\n[\/vc_column_text][divider line_type=&#8220;Small Line&#8220; line_alignment=&#8220;default&#8220; line_thickness=&#8220;3&#8243; divider_color=&#8220;accent-color&#8220; custom_height=&#8220;40&#8243;][vc_column_text]\n<p style=\"text-align: justify;\">Zahnmedizinische Assistentin, die bei der vierh\u00e4ndigen Arbeit am Behandlungsmikroskop unter Vergr\u00f6\u00dferung nicht zu ersetzen ist.<\/p>\n<p style=\"text-align: justify;\">Sie k\u00fcmmert sich um das Wohlbefinden und die Bequemlichkeit der Patienten sowie um die reibungslose Durchf\u00fchrung von Wurzelkanalbehandlung.<\/p>\n<p style=\"text-align: justify;\">Sie l\u00e4chelt immer und steckt andere mit ihrem Optimismus und ihrer Freude an.<\/p>\n<p style=\"text-align: justify;\">Derzeit erweitert sie ihre beruflichen Kompetenzen im Bereich der Physiotherapie.<\/p>\n<p style=\"text-align: justify;\">Sie interessiert sich f\u00fcr Probleme des Kauorgans und hilft Patienten mit Gelenkproblemen.<\/p>\n<p style=\"text-align: justify;\">Hundeliebhaberin, die sich f\u00fcr gesunde Lebensweise, vegetarische K\u00fcche und Radfahren interessiert.<\/p>\n[\/vc_column_text][\/vc_column][\/vc_row]\n","protected":false},"excerpt":{"rendered":"<p>[vc_row type=&#8220;in_container&#8220; full_screen_row_position=&#8220;middle&#8220; column_margin=&#8220;default&#8220; equal_height=&#8220;yes&#8220; content_placement=&#8220;middle&#8220; column_direction=&#8220;reverse&#8220; column_direction_tablet=&#8220;default&#8220; column_direction_phone=&#8220;default&#8220; scene_position=&#8220;center&#8220; top_padding=&#8220;2%&#8220; constrain_group_1=&#8220;yes&#8220; bottom_padding=&#8220;2%&#8220; text_color=&#8220;dark&#8220; text_align=&#8220;left&#8220; row_border_radius=&#8220;none&#8220; row_border_radius_applies=&#8220;bg&#8220; overlay_strength=&#8220;0.3&#8243; gradient_direction=&#8220;left_to_right&#8220; shape_divider_position=&#8220;bottom&#8220; bg_image_animation=&#8220;none&#8220; shape_type=&#8220;&#8220;][vc_column column_padding=&#8220;no-extra-padding&#8220; column_padding_tablet=&#8220;inherit&#8220; column_padding_phone=&#8220;inherit&#8220; column_padding_position=&#8220;all&#8220; column_element_spacing=&#8220;default&#8220; background_color_opacity=&#8220;1&#8243; background_hover_color_opacity=&#8220;1&#8243; column_shadow=&#8220;none&#8220;&#8230;<\/p>\n","protected":false},"author":1,"featured_media":0,"parent":1939,"menu_order":0,"comment_status":"closed","ping_status":"closed","template":"","meta":{"_acf_changed":false,"inline_featured_image":false,"footnotes":""},"class_list":["post-1964","page","type-page","status-publish"],"acf":[],"_links":{"self":[{"href":"https:\/\/nbdental.pl\/de\/wp-json\/wp\/v2\/pages\/1964","targetHints":{"allow":["GET"]}}],"collection":[{"href":"https:\/\/nbdental.pl\/de\/wp-json\/wp\/v2\/pages"}],"about":[{"href":"https:\/\/nbdental.pl\/de\/wp-json\/wp\/v2\/types\/page"}],"author":[{"embeddable":true,"href":"https:\/\/nbdental.pl\/de\/wp-json\/wp\/v2\/users\/1"}],"replies":[{"embeddable":true,"href":"https:\/\/nbdental.pl\/de\/wp-json\/wp\/v2\/comments?post=1964"}],"version-history":[{"count":1,"href":"https:\/\/nbdental.pl\/de\/wp-json\/wp\/v2\/pages\/1964\/revisions"}],"predecessor-version":[{"id":1965,"href":"https:\/\/nbdental.pl\/de\/wp-json\/wp\/v2\/pages\/1964\/revisions\/1965"}],"up":[{"embeddable":true,"href":"https:\/\/nbdental.pl\/de\/wp-json\/wp\/v2\/pages\/1939"}],"wp:attachment":[{"href":"https:\/\/nbdental.pl\/de\/wp-json\/wp\/v2\/media?parent=1964"}],"curies":[{"name":"wp","href":"https:\/\/api.w.org\/{rel}","templated":true}]}}